{"id":160,"date":"2025-03-20T15:09:56","date_gmt":"2025-03-20T14:09:56","guid":{"rendered":"https:\/\/sp.blazowa.net\/?page_id=160"},"modified":"2025-03-20T15:11:49","modified_gmt":"2025-03-20T14:11:49","slug":"kalendarz-imprez-przedszkolnych","status":"publish","type":"page","link":"https:\/\/sp.blazowa.net\/?page_id=160","title":{"rendered":"Kalendarz imprez przedszkolnych"},"content":{"rendered":"\n<p>Kalendarz \u015bwi\u0105t i uroczysto\u015bci przedszkolnych w Bajkowej Krainie na rok 2024\/2025\u00a0<\/p>\n\n\n\n<figure class=\"wp-block-table\"><table class=\"has-fixed-layout\"><tbody><tr><td><strong>MIESI\u0104C<\/strong>&nbsp;<\/td><td><strong>ZAKRES TEMATYCZNY<\/strong>&nbsp;<\/td><\/tr><tr><td><strong>Wrzesie\u0144&nbsp;<\/strong> &nbsp; &nbsp; &nbsp; Czytanie na dywanie \u2013 go\u015b\u0107 \u2013 Pan Burmistrz<\/td><td>-Pocz\u0105tek roku przedszkolnego (2.IX)&nbsp; -Dzie\u0144 Przedszkolaka (20.IX)&nbsp; -Powitanie Jesieni \u2013 koncert (23.IX)&nbsp; -Dzie\u0144 G\u0142o\u015bnego Czytania (30.IX)&nbsp;\u2013 inauguracja programu \u201eCzytanie na dywanie\u201d- go\u015b\u0107 -Dzie\u0144 Ch\u0142opaka (30.IX)&nbsp;<\/td><\/tr><tr><td><strong>Pa\u017adziernik&nbsp;<\/strong> &nbsp; &nbsp; Czytanie na dywanie \u2013 go\u015b\u0107 \u2013 Pani Dyrektor<\/td><td>-Mi\u0119dzynarodowy Dzie\u0144 Zwierz\u0105t (4.X)&nbsp; \u2013 Dzie\u0144 Gier Planszowych (10.X) -Dzie\u0144 Dziewczynek (11.X)&nbsp; -Dzie\u0144 Poczty Polskiej (18.X)&nbsp; &nbsp;<\/td><\/tr><tr><td><strong>Listopad&nbsp;<\/strong> &nbsp; &nbsp; &nbsp; &nbsp; &nbsp; &nbsp; Czytanie na dywanie \u2013 go\u015b\u0107 \u2013 FRYZJER<\/td><td>-Dzie\u0144 Postaci z Bajek (5.XI)&nbsp; -Dzie\u0144 Zdrowego \u015aniadania (8.XI)&nbsp; -Pasowanie na Przedszkolaka \u201eBajkowej Krainy\u201d&nbsp;(15.XI) -Narodowe \u015awi\u0119to Niepodleg\u0142o\u015bci (8.XI)&nbsp; -Mi\u0119dzynarodowy Dzie\u0144 Praw Dziecka (20.XI)&nbsp; -Dzie\u0144 Pluszowego Misia (25.XI)&nbsp; -Bal Andrzejkowy &nbsp;(29.XI)&nbsp;<\/td><\/tr><tr><td><strong>Grudzie\u0144&nbsp;<\/strong> &nbsp; &nbsp; &nbsp; &nbsp; &nbsp; Czytanie na dywanie \u2013 go\u015b\u0107 \u2013 G\u00d3RNIK<\/td><td>\u2013 Miko\u0142ajki (6.XII)&nbsp;\u2013 Wyjazd do Kolorowego \u015awiata -Warsztaty kulinarne- wsp\u00f3lne przygotowywanie \u015bwi\u0105tecznych pierniczk\u00f3w&nbsp;(16.XII) \u2013 \u201eJase\u0142ka\u201d \u2013 wyst\u0119p artystyczny o tematyce bo\u017conarodzeniowej (17 \u2013 18. XII) -Wigilia Przedszkolna&nbsp;(19.XII) \u2013 Pierwszy Dzie\u0144 Zimy (20.XII)&nbsp;<\/td><\/tr><tr><td><strong>Stycze\u0144&nbsp;<\/strong> &nbsp; Czytanie na dywanie \u2013 go\u015b\u0107 \u2013 CUKIERNIK<\/td><td>\u2013 Dzie\u0144 Kubusia Puchatka (20.I)&nbsp; \u2013 Dzie\u0144 Babci i Dziadka (21, 22.I)&nbsp; \u2013 Dzie\u0144 Puzzli (29.I)<\/td><\/tr><tr><td><strong>Luty&nbsp;<\/strong> &nbsp; Czytanie na dywanie \u2013 go\u015b\u0107 \u2013 KUCHARZ<\/td><td>-Dzie\u0144 Pizzy (10.II)&nbsp; -Walentynki (14.II)&nbsp; -T\u0142usty Czwartek (27.II)&nbsp;<\/td><\/tr><tr><td><strong>Marzec&nbsp;<\/strong> &nbsp; &nbsp; Czytanie na dywanie \u2013 DENTYSTA<\/td><td>-Dzie\u0144 Dentysty (5.III)&nbsp; -Dzie\u0144 Matematyki (12.III)&nbsp; -Powitanie Wiosny (20.III)&nbsp; -\u015awiatowy Dzie\u0144 Zespo\u0142u Downa (21.III)&nbsp;<\/td><\/tr><tr><td><strong>Kwiecie\u0144&nbsp;<\/strong> &nbsp; &nbsp; Czytanie na dywanie \u2013 go\u015b\u0107 \u2013 LEKARZ<\/td><td>-Dzie\u0144 Autyzmu (2.IV)&nbsp; -Dzie\u0144 Ksi\u0105\u017cki (2.IV) -Dzie\u0144 Sportu (7.IV)&nbsp; -Dzie\u0144 Ziemi (22.IV)&nbsp; -Konkurs \u015awi\u0105teczny&nbsp;<\/td><\/tr><tr><td><strong>Maj&nbsp;<\/strong> &nbsp; &nbsp; Czytanie na dywanie \u2013 go\u015b\u0107 \u2013 STRA\u017bAK<\/td><td>-Obchody \u015awi\u0105t Majowych&nbsp; -Dzie\u0144 Stra\u017caka (5.V)&nbsp; -Dzie\u0144 Bibliotek (8.V)&nbsp; -Dzie\u0144 Pszcz\u00f3\u0142 (20.V) -Dzie\u0144 Rodziny&nbsp;\u2013 PIKNIK RODZINNY<\/td><\/tr><tr><td><strong>Czerwiec&nbsp;<\/strong> &nbsp; &nbsp; Czytanie na dywanie \u2013 go\u015b\u0107 \u2013 POLICJANT<\/td><td>-Dzie\u0144 Dziecka (1.VI)&nbsp; -Przedszkolny Tydzie\u0144 Zdrowia&nbsp; -Powitanie Lata&nbsp;\u2013 koncert -Po\u017cegnanie Starszak\u00f3w&nbsp; -Podsumowanie ca\u0142orocznego konkursu na \u201eWzorowego Przedszkolaka\u201d&nbsp;<\/td><\/tr><\/tbody><\/table><\/figure>\n","protected":false},"excerpt":{"rendered":"<p>Kalendarz \u015bwi\u0105t i uroczysto\u015bci przedszkolnych w Bajkowej Krainie na rok 2024\/2025\u00a0 MIESI\u0104C&nbsp; ZAKRES TEMATYCZNY&nbsp; Wrzesie\u0144&nbsp; &nbsp; &nbsp; &nbsp; Czytanie na dywanie \u2013 go\u015b\u0107 \u2013 Pan Burmistrz -Pocz\u0105tek roku przedszkolnego (2.IX)&nbsp;&#8230; <\/p>\n","protected":false},"author":1,"featured_media":0,"parent":0,"menu_order":0,"comment_status":"closed","ping_status":"closed","template":"","meta":{"footnotes":""},"class_list":["post-160","page","type-page","status-publish","hentry"],"_links":{"self":[{"href":"https:\/\/sp.blazowa.net\/index.php?rest_route=\/wp\/v2\/pages\/160","targetHints":{"allow":["GET"]}}],"collection":[{"href":"https:\/\/sp.blazowa.net\/index.php?rest_route=\/wp\/v2\/pages"}],"about":[{"href":"https:\/\/sp.blazowa.net\/index.php?rest_route=\/wp\/v2\/types\/page"}],"author":[{"embeddable":true,"href":"https:\/\/sp.blazowa.net\/index.php?rest_route=\/wp\/v2\/users\/1"}],"replies":[{"embeddable":true,"href":"https:\/\/sp.blazowa.net\/index.php?rest_route=%2Fwp%2Fv2%2Fcomments&post=160"}],"version-history":[{"count":3,"href":"https:\/\/sp.blazowa.net\/index.php?rest_route=\/wp\/v2\/pages\/160\/revisions"}],"predecessor-version":[{"id":164,"href":"https:\/\/sp.blazowa.net\/index.php?rest_route=\/wp\/v2\/pages\/160\/revisions\/164"}],"wp:attachment":[{"href":"https:\/\/sp.blazowa.net\/index.php?rest_route=%2Fwp%2Fv2%2Fmedia&parent=160"}],"curies":[{"name":"wp","href":"https:\/\/api.w.org\/{rel}","templated":true}]}}