{"id":175,"date":"2025-03-20T15:22:36","date_gmt":"2025-03-20T14:22:36","guid":{"rendered":"https:\/\/sp.blazowa.net\/?page_id=175"},"modified":"2025-03-20T15:22:36","modified_gmt":"2025-03-20T14:22:36","slug":"oplaty","status":"publish","type":"page","link":"https:\/\/sp.blazowa.net\/?page_id=175","title":{"rendered":"Op\u0142aty"},"content":{"rendered":"\n<p><strong>Szanowni rodzice !!!<\/strong><\/p>\n\n\n\n<p>Odp\u0142atno\u015bci za przedszkole prosimy dokonywa\u0107 w terminie do 10 dnia ka\u017cdego miesi\u0105ca na konto bankowe:<\/p>\n\n\n\n<p><strong>93 9158 0001 2001 0006 4594 0004<\/strong><\/p>\n\n\n\n<p>W tytule przelewu nale\u017cy napisa\u0107:&nbsp;<em><strong>Nazwisko i imi\u0119 dziecka, wy\u017cywienie \u2013 kwota, opieka \u2013 kwota<\/strong><\/em><\/p>\n","protected":false},"excerpt":{"rendered":"<p>Szanowni rodzice !!! Odp\u0142atno\u015bci za przedszkole prosimy dokonywa\u0107 w terminie do 10 dnia ka\u017cdego miesi\u0105ca na konto bankowe: 93 9158 0001 2001 0006 4594 0004 W tytule przelewu nale\u017cy napisa\u0107:&nbsp;Nazwisko&#8230; <\/p>\n","protected":false},"author":1,"featured_media":0,"parent":0,"menu_order":0,"comment_status":"closed","ping_status":"closed","template":"","meta":{"footnotes":""},"class_list":["post-175","page","type-page","status-publish","hentry"],"_links":{"self":[{"href":"https:\/\/sp.blazowa.net\/index.php?rest_route=\/wp\/v2\/pages\/175","targetHints":{"allow":["GET"]}}],"collection":[{"href":"https:\/\/sp.blazowa.net\/index.php?rest_route=\/wp\/v2\/pages"}],"about":[{"href":"https:\/\/sp.blazowa.net\/index.php?rest_route=\/wp\/v2\/types\/page"}],"author":[{"embeddable":true,"href":"https:\/\/sp.blazowa.net\/index.php?rest_route=\/wp\/v2\/users\/1"}],"replies":[{"embeddable":true,"href":"https:\/\/sp.blazowa.net\/index.php?rest_route=%2Fwp%2Fv2%2Fcomments&post=175"}],"version-history":[{"count":1,"href":"https:\/\/sp.blazowa.net\/index.php?rest_route=\/wp\/v2\/pages\/175\/revisions"}],"predecessor-version":[{"id":176,"href":"https:\/\/sp.blazowa.net\/index.php?rest_route=\/wp\/v2\/pages\/175\/revisions\/176"}],"wp:attachment":[{"href":"https:\/\/sp.blazowa.net\/index.php?rest_route=%2Fwp%2Fv2%2Fmedia&parent=175"}],"curies":[{"name":"wp","href":"https:\/\/api.w.org\/{rel}","templated":true}]}}