{"id":187,"date":"2025-03-20T15:46:06","date_gmt":"2025-03-20T14:46:06","guid":{"rendered":"https:\/\/sp.blazowa.net\/?page_id=187"},"modified":"2025-03-20T15:46:06","modified_gmt":"2025-03-20T14:46:06","slug":"epuap","status":"publish","type":"page","link":"https:\/\/sp.blazowa.net\/?page_id=187","title":{"rendered":"Epuap"},"content":{"rendered":"\n<h4 class=\"wp-block-heading\">\u00b7&nbsp;&nbsp;&nbsp;&nbsp;&nbsp;&nbsp;&nbsp;&nbsp; <strong>Podmioty realizuj\u0105ce zadania publiczne obowi\u0105zane s\u0105 posiada\u0107 elektroniczn\u0105 skrzynk\u0119 podawcz\u0105.<\/strong><strong><\/strong><\/h4>\n\n\n\n<p>Elektroniczna skrzynka podawcza pozwala na dor\u0119czanie do instytucji pism podpisanych bezpiecznym podpisem elektronicznym w spos\u00f3b zapewniaj\u0105cy otrzymanie urz\u0119dowego po\u015bwiadczenia przed\u0142o\u017cenia (UPP).<\/p>\n\n\n\n<p>UPP jest dowodem dor\u0119czenia pisma, a widniej\u0105ca na nim data stanowi dat\u0119 dor\u0119czenia.<\/p>\n\n\n\n<h4 class=\"wp-block-heading\">\u00b7&nbsp;&nbsp;&nbsp;&nbsp;&nbsp;&nbsp;&nbsp;&nbsp; <strong>Dostarczenie do Zespo\u0142u Szk\u00f3\u0142 w B\u0142a\u017cowej dokumentu elektronicznego<\/strong><\/h4>\n\n\n\n<p>W celu dostarczenia do Zespo\u0142u Szk\u00f3\u0142 w B\u0142a\u017cowej dokumentu elektronicznego nale\u017cy zarejestrowa\u0107 si\u0119 na elektronicznej platformie us\u0142ug administracji publicznej (ePUAP) pod adresem&nbsp;<a href=\"http:\/\/www.epuap.gov.pl\/\" target=\"_blank\" rel=\"noreferrer noopener\">epuap.gov.pl<\/a>.<\/p>\n\n\n\n<h4 class=\"wp-block-heading\"><strong>Po za\u0142o\u017ceniu konta i zalogowaniu si\u0119 na ePUAP u\u017cytkownik ma dost\u0119p do elektronicznej skrzynki podawczej Zespo\u0142u Szk\u00f3\u0142 w B\u0142a\u017cowej.&nbsp;Wystarczy klikn\u0105\u0107 w link:<\/strong><\/h4>\n\n\n\n<p><a href=\"https:\/\/epuap.gov.pl\/wps\/portal\/strefa-klienta\/katalog-spraw\/profil-urzedu\/ZSBlazowa\">https:\/\/epuap.gov.pl\/wps\/portal\/strefa-klienta\/katalog-spraw\/profil-urzedu\/ZSBlazowa<\/a><\/p>\n\n\n\n<p>Za jego pomoc\u0105 za\u0142atwi\u0105 Pa\u0144stwo ka\u017cd\u0105 spraw\u0119 nale\u017c\u0105c\u0105 do kompetencji Zespo\u0142u Szk\u00f3\u0142 w B\u0142a\u017cowej. Do formularza mo\u017cna dodawa\u0107 za\u0142\u0105czniki o nast\u0119puj\u0105cych rozszerzeniach: .doc, .docx, .gif, .jpg (.jpeg), .ods, .odt, .pdf, .png, .rtf, .svg, .tif(.tiff), .txt, .xls, .xlsx, .xml. Maksymalny rozmiar dokumentu elektronicznego to 5 megabajt\u00f3w.<\/p>\n\n\n\n<p>Pliki zawieraj\u0105ce szkodliwe oprogramowanie b\u0119d\u0105 automatycznie usuwane.<\/p>\n\n\n\n<p>Odno\u015bnie spraw za\u0142atwianych w trybie post\u0119powania administracyjnego konieczne jest podanie imienia, nazwiska, adresu osoby wnosz\u0105cej pismo oraz jej podpisu. Elektroniczna skrzynka podawcza obs\u0142uguje zar\u00f3wno bezpieczny kwalifikowany podpis elektroniczny jak i jego darmowy odpowiednik, czyli profil zaufany ePUAP.<\/p>\n\n\n\n<h4 class=\"wp-block-heading\">\u00b7&nbsp;&nbsp;&nbsp;&nbsp;&nbsp;&nbsp;&nbsp;&nbsp; <strong>Profil zaufany ePUAP<\/strong><\/h4>\n\n\n\n<p>Profil zaufany ePUAP ka\u017cda (pe\u0142noletnia) osoba zak\u0142ada r\u00f3wnie\u017c za po\u015brednictwem platformy&nbsp;<a href=\"http:\/\/www.epuap.gov.pl\/\">epuap.gov.pl<\/a>.<\/p>\n\n\n\n<p>Po z\u0142o\u017ceniu wniosku w systemie profil zaufany mo\u017cna potwierdzi\u0107 w ci\u0105gu 14 dni w ka\u017cdym urz\u0119dzie skarbowym, w ka\u017cdym urz\u0119dzie wojew\u00f3dzkim, w wybranych oddzia\u0142ach ZUS i wybranych urz\u0119dach gmin.&nbsp;<a href=\"http:\/\/epuap.gov.pl\/wps\/portal\/%21ut\/p\/c1\/04_SB8K8xLLM9MSSzPy8xBz9CP0os3gTcy8fU09LYwOLUC8TA09DXwtnPxd3QxMDM_2CbEdFAA01uZQ%21\/\" target=\"_blank\" rel=\"noreferrer noopener\">Lista punkt\u00f3w potwierdzaj\u0105cych<\/a>. Punkty potwierdzaj\u0105ce s\u0105 odpowiednio oznakowane.<\/p>\n\n\n\n<h4 class=\"wp-block-heading\">\u00b7&nbsp;&nbsp;&nbsp;&nbsp;&nbsp;&nbsp;&nbsp;&nbsp; <strong>Z\u0142o\u017cenie pisma podpisanego bezpiecznym podpisem elektronicznym<\/strong><\/h4>\n\n\n\n<p>Obok mo\u017cliwo\u015bci z\u0142o\u017cenia dokumentu elektronicznego za pomoc\u0105 elektronicznej skrzynki podawczej istnieje mo\u017cliwo\u015b\u0107 z\u0142o\u017cenia pisma podpisanego bezpiecznym podpisem elektronicznym w sekretariacie Zespo\u0142u Szk\u00f3\u0142 w B\u0142a\u017cowej, w godzinach jego pracy. Podpisany elektronicznie plik mo\u017ce by\u0107 dostarczony na p\u0142ycie CD albo przeno\u015bnym dysku (pendrive). No\u015bnik musi umo\u017cliwia\u0107 zapisanie na nim urz\u0119dowego po\u015bwiadczenia przed\u0142o\u017cenia (UPP).<\/p>\n\n\n\n<hr class=\"wp-block-separator has-alpha-channel-opacity\"\/>\n\n\n\n<p>Wybrane przepisy Kodeksu post\u0119powania administracyjnego dotycz\u0105ce dokument\u00f3w elektronicznych: Art. 14, Art. 39(1), Art. 63, Art. 46, Art. 217 \u00a7 4.<\/p>\n\n\n\n<p><\/p>\n","protected":false},"excerpt":{"rendered":"<p>\u00b7&nbsp;&nbsp;&nbsp;&nbsp;&nbsp;&nbsp;&nbsp;&nbsp; Podmioty realizuj\u0105ce zadania publiczne obowi\u0105zane s\u0105 posiada\u0107 elektroniczn\u0105 skrzynk\u0119 podawcz\u0105. Elektroniczna skrzynka podawcza pozwala na dor\u0119czanie do instytucji pism podpisanych bezpiecznym podpisem elektronicznym w spos\u00f3b zapewniaj\u0105cy otrzymanie urz\u0119dowego po\u015bwiadczenia&#8230; <\/p>\n","protected":false},"author":1,"featured_media":0,"parent":0,"menu_order":0,"comment_status":"closed","ping_status":"closed","template":"","meta":{"footnotes":""},"class_list":["post-187","page","type-page","status-publish","hentry"],"_links":{"self":[{"href":"https:\/\/sp.blazowa.net\/index.php?rest_route=\/wp\/v2\/pages\/187","targetHints":{"allow":["GET"]}}],"collection":[{"href":"https:\/\/sp.blazowa.net\/index.php?rest_route=\/wp\/v2\/pages"}],"about":[{"href":"https:\/\/sp.blazowa.net\/index.php?rest_route=\/wp\/v2\/types\/page"}],"author":[{"embeddable":true,"href":"https:\/\/sp.blazowa.net\/index.php?rest_route=\/wp\/v2\/users\/1"}],"replies":[{"embeddable":true,"href":"https:\/\/sp.blazowa.net\/index.php?rest_route=%2Fwp%2Fv2%2Fcomments&post=187"}],"version-history":[{"count":1,"href":"https:\/\/sp.blazowa.net\/index.php?rest_route=\/wp\/v2\/pages\/187\/revisions"}],"predecessor-version":[{"id":188,"href":"https:\/\/sp.blazowa.net\/index.php?rest_route=\/wp\/v2\/pages\/187\/revisions\/188"}],"wp:attachment":[{"href":"https:\/\/sp.blazowa.net\/index.php?rest_route=%2Fwp%2Fv2%2Fmedia&parent=187"}],"curies":[{"name":"wp","href":"https:\/\/api.w.org\/{rel}","templated":true}]}}