{"id":203,"date":"2025-03-20T17:33:21","date_gmt":"2025-03-20T16:33:21","guid":{"rendered":"https:\/\/sp.blazowa.net\/?page_id=203"},"modified":"2025-03-20T17:33:21","modified_gmt":"2025-03-20T16:33:21","slug":"uroczystosci-szkolne","status":"publish","type":"page","link":"https:\/\/sp.blazowa.net\/?page_id=203","title":{"rendered":"Uroczysto\u015bci szkolne"},"content":{"rendered":"\n<p><strong>Uroczysto\u015bci i wydarzenia szkolne 2024\/2025<\/strong><\/p>\n\n\n\n<figure class=\"wp-block-table\"><table class=\"has-fixed-layout\"><tbody><tr><td><strong>L.p.<\/strong><\/td><td><strong>Zadania \u2013 czynno\u015bci<\/strong><\/td><td><strong>Terminy<\/strong><\/td><\/tr><tr><td>1.<\/td><td>Rozpocz\u0119cie roku szkolnego<\/td><td>2.IX.2024r.<\/td><\/tr><tr><td>2.<\/td><td>Dzie\u0144 Edukacji Narodowej<\/td><td>11.X.2024r.<\/td><\/tr><tr><td>3.<\/td><td>Pasowanie na ucznia klasy I<\/td><td>X.2024r.<\/td><\/tr><tr><td>4.<\/td><td>Dzie\u0144 Papieski<\/td><td>20.X.2024r.<\/td><\/tr><tr><td>5.<\/td><td>Pa\u017adziernik \u2013 miesi\u0105cem oszcz\u0119dzania w SKO<\/td><td>X.2024r.<\/td><\/tr><tr><td>6.<\/td><td>XIV \u015awiatowy Dzie\u0144 Tabliczki Mno\u017cenia<\/td><td>XI. 2024r.<\/td><\/tr><tr><td>7.<\/td><td>Akcja \u201e\u015awiate\u0142ko pami\u0119ci dla \u0141yczakowa\u201d<\/td><td>X.2024r.<\/td><\/tr><tr><td>8.<\/td><td>\u015awi\u0119to Niepodleg\u0142o\u015bci<\/td><td>XI.2024r.<\/td><\/tr><tr><td>9.<\/td><td>Szkolne \u201eAndrzejki\u201d<\/td><td>XI.2024r.<\/td><\/tr><tr><td>10.<\/td><td>Wigilie klasowe<\/td><td>XII.2024r.<\/td><\/tr><tr><td>11.<\/td><td>Jase\u0142ka szkolne<\/td><td>XII.2024r.<\/td><\/tr><tr><td>12.<\/td><td>Powiatowy Konkurs Recytatorski z J. Angielskiego<\/td><td>XII.2024\/I.2025<\/td><\/tr><tr><td>13.<\/td><td>Zabawa noworoczna uczni\u00f3w<\/td><td>I. 2025r.<\/td><\/tr><tr><td>14.<\/td><td>Gminny Turniej Szachowy<\/td><td>II. 2025r.<\/td><\/tr><tr><td>15.<\/td><td>Dzie\u0144 Promocji Zdrowia \u2013 Kiermasz Zdrowej \u017bywno\u015bci<\/td><td>III. 2025r.<\/td><\/tr><tr><td>16.<\/td><td>Dzie\u0144 matematyki, dzie\u0144 liczby \u03c0<\/td><td>III.2025<\/td><\/tr><tr><td>17.<\/td><td>Rekolekcje wielkopostne<\/td><td>IV. 2025r.<\/td><\/tr><tr><td>18.<\/td><td>Dzie\u0144 Europejski<\/td><td>IV. 2025r.<\/td><\/tr><tr><td>19.<\/td><td>Dzie\u0144 Ziemi<\/td><td>IV. 2025r.<\/td><\/tr><tr><td>20.<\/td><td>Rocznica Konstytucji 3 Maja<\/td><td>V.2025r.<\/td><\/tr><tr><td>21.<\/td><td>\u015awi\u0119to Patrona Szko\u0142y<\/td><td>V\/VI. 2025r.<\/td><\/tr><tr><td>22.<\/td><td>Szkolny Konkurs Wiedzy o Patronach Szko\u0142y<\/td><td>VI. 2025r.<\/td><\/tr><tr><td>23.<\/td><td>Mi\u0119dzynarodowy Dzie\u0144 Dziecka \u2013 Dzie\u0144 Sportu Szkolnego<\/td><td>VI. 2025r.<\/td><\/tr><tr><td>24.<\/td><td>Szkolny Turniej Szachowy<\/td><td>VI. 2025r.<\/td><\/tr><tr><td>25.<\/td><td>Zako\u0144czenie roku szkolnego<\/td><td>VI. 2025r.<\/td><\/tr><\/tbody><\/table><\/figure>\n\n\n\n<p><\/p>\n","protected":false},"excerpt":{"rendered":"<p>Uroczysto\u015bci i wydarzenia szkolne 2024\/2025 L.p. Zadania \u2013 czynno\u015bci Terminy 1. Rozpocz\u0119cie roku szkolnego 2.IX.2024r. 2. Dzie\u0144 Edukacji Narodowej 11.X.2024r. 3. Pasowanie na ucznia klasy I X.2024r. 4. Dzie\u0144 Papieski&#8230; <\/p>\n","protected":false},"author":1,"featured_media":0,"parent":0,"menu_order":0,"comment_status":"closed","ping_status":"closed","template":"","meta":{"footnotes":""},"class_list":["post-203","page","type-page","status-publish","hentry"],"_links":{"self":[{"href":"https:\/\/sp.blazowa.net\/index.php?rest_route=\/wp\/v2\/pages\/203","targetHints":{"allow":["GET"]}}],"collection":[{"href":"https:\/\/sp.blazowa.net\/index.php?rest_route=\/wp\/v2\/pages"}],"about":[{"href":"https:\/\/sp.blazowa.net\/index.php?rest_route=\/wp\/v2\/types\/page"}],"author":[{"embeddable":true,"href":"https:\/\/sp.blazowa.net\/index.php?rest_route=\/wp\/v2\/users\/1"}],"replies":[{"embeddable":true,"href":"https:\/\/sp.blazowa.net\/index.php?rest_route=%2Fwp%2Fv2%2Fcomments&post=203"}],"version-history":[{"count":1,"href":"https:\/\/sp.blazowa.net\/index.php?rest_route=\/wp\/v2\/pages\/203\/revisions"}],"predecessor-version":[{"id":204,"href":"https:\/\/sp.blazowa.net\/index.php?rest_route=\/wp\/v2\/pages\/203\/revisions\/204"}],"wp:attachment":[{"href":"https:\/\/sp.blazowa.net\/index.php?rest_route=%2Fwp%2Fv2%2Fmedia&parent=203"}],"curies":[{"name":"wp","href":"https:\/\/api.w.org\/{rel}","templated":true}]}}