{"id":215,"date":"2025-03-20T17:40:52","date_gmt":"2025-03-20T16:40:52","guid":{"rendered":"https:\/\/sp.blazowa.net\/?page_id=215"},"modified":"2025-09-09T15:48:17","modified_gmt":"2025-09-09T13:48:17","slug":"spotkania-z-rodzicami","status":"publish","type":"page","link":"https:\/\/sp.blazowa.net\/?page_id=215","title":{"rendered":"Spotkania z Rodzicami"},"content":{"rendered":"\n<p>Spotkania z rodzicami w roku szkolnym 2025\/2026<\/p>\n\n\n\n<figure class=\"wp-block-table\"><table class=\"has-fixed-layout\"><tbody><tr><td>1.<\/td><td>Spotkanie og\u00f3lne<\/td><td>16 wrze\u015bnia 2025 r.<\/td><td>dyrekcja szko\u0142y, wychowawcy<\/td><td>Spotkanie rodzic\u00f3w z dyrekcj\u0105, wychowawcami. Informacja\u00a0\u00a0\u00a0\u00a0\u00a0\u00a0\u00a0\u00a0\u00a0\u00a0\u00a0\u00a0\u00a0o wymaganiach edukacyjnych,\u00a0 zaopiniowanie plan\u00f3w profilaktyczno-wychowawczych. Wybory rodzic\u00f3w do Rady Rodzic\u00f3w .<\/td><\/tr><tr><td>2.<\/td><td>Spotkanie mi\u0119dzysemestralne<\/td><td>19 &nbsp;listopada 2025 r.<\/td><td>dyrekcja szko\u0142y, wychowawcy<\/td><td>Prelekcja, spotkanie\u00a0z dyrekcj\u0105\u00a0\u00a0\u00a0\u00a0\u00a0\u00a0\u00a0\u00a0\u00a0\u00a0\u00a0\u00a0\u00a0\u00a0\u00a0\u00a0i nauczycielami. Informacja o wynikach w nauce i zachowaniu uczni\u00f3w. &#8211; bie\u017c\u0105ce sprawy dydaktyczne\u00a0\u00a0\u00a0\u00a0\u00a0\u00a0\u00a0\u00a0\u00a0\u00a0i wychowawcze, &#8211; organizacja imprez klasowych, &#8211; wsp\u00f3\u0142praca z Poradni\u0105 Psychologiczno-Pedagogiczn\u0105, &#8211; informacje dotycz\u0105ce egzaminu w klas VIII. \u00a0<\/td><\/tr><tr><td>3.<\/td><td>Spotkanie na koniec&nbsp;&nbsp;&nbsp;&nbsp;&nbsp;&nbsp; I p\u00f3\u0142rocza<\/td><td>28 stycznia 2026 r.<\/td><td>dyrekcja szko\u0142y, wychowawcy<\/td><td>Spotkanie z dyrekcj\u0105 i nauczycielami. Podsumowanie wynik\u00f3w nauczania i informacja o pracy szko\u0142y. \u00a0<\/td><\/tr><tr><td>4.<\/td><td>Spotkanie mi\u0119dzysemestralne<\/td><td>15 kwietnia 2026 r.<\/td><td>dyrekcja szko\u0142y, wychowawcy<\/td><td>Prelekcja, spotkanie z dyrekcj\u0105\u00a0\u00a0\u00a0\u00a0\u00a0\u00a0\u00a0\u00a0\u00a0\u00a0\u00a0\u00a0\u00a0\u00a0\u00a0\u00a0i wychowawcami. \u00a0 \u00a0<\/td><\/tr><\/tbody><\/table><\/figure>\n","protected":false},"excerpt":{"rendered":"<p>Spotkania z rodzicami w roku szkolnym 2025\/2026 1. Spotkanie og\u00f3lne 16 wrze\u015bnia 2025 r. dyrekcja szko\u0142y, wychowawcy Spotkanie rodzic\u00f3w z dyrekcj\u0105, wychowawcami. Informacja\u00a0\u00a0\u00a0\u00a0\u00a0\u00a0\u00a0\u00a0\u00a0\u00a0\u00a0\u00a0\u00a0o wymaganiach edukacyjnych,\u00a0 zaopiniowanie plan\u00f3w profilaktyczno-wychowawczych. Wybory rodzic\u00f3w&#8230; <\/p>\n","protected":false},"author":1,"featured_media":0,"parent":0,"menu_order":0,"comment_status":"closed","ping_status":"closed","template":"","meta":{"footnotes":""},"class_list":["post-215","page","type-page","status-publish","hentry"],"_links":{"self":[{"href":"https:\/\/sp.blazowa.net\/index.php?rest_route=\/wp\/v2\/pages\/215","targetHints":{"allow":["GET"]}}],"collection":[{"href":"https:\/\/sp.blazowa.net\/index.php?rest_route=\/wp\/v2\/pages"}],"about":[{"href":"https:\/\/sp.blazowa.net\/index.php?rest_route=\/wp\/v2\/types\/page"}],"author":[{"embeddable":true,"href":"https:\/\/sp.blazowa.net\/index.php?rest_route=\/wp\/v2\/users\/1"}],"replies":[{"embeddable":true,"href":"https:\/\/sp.blazowa.net\/index.php?rest_route=%2Fwp%2Fv2%2Fcomments&post=215"}],"version-history":[{"count":2,"href":"https:\/\/sp.blazowa.net\/index.php?rest_route=\/wp\/v2\/pages\/215\/revisions"}],"predecessor-version":[{"id":677,"href":"https:\/\/sp.blazowa.net\/index.php?rest_route=\/wp\/v2\/pages\/215\/revisions\/677"}],"wp:attachment":[{"href":"https:\/\/sp.blazowa.net\/index.php?rest_route=%2Fwp%2Fv2%2Fmedia&parent=215"}],"curies":[{"name":"wp","href":"https:\/\/api.w.org\/{rel}","templated":true}]}}