{"id":224,"date":"2025-03-20T17:46:12","date_gmt":"2025-03-20T16:46:12","guid":{"rendered":"https:\/\/sp.blazowa.net\/?page_id=224"},"modified":"2025-09-09T15:46:57","modified_gmt":"2025-09-09T13:46:57","slug":"plan-pracy-rady-pedagogicznej-w-roku-szkolnym-2024-2025","status":"publish","type":"page","link":"https:\/\/sp.blazowa.net\/?page_id=224","title":{"rendered":"Plan pracy\u00a0Rady Pedagogicznej"},"content":{"rendered":"\n<figure class=\"wp-block-table\"><table class=\"has-fixed-layout\"><tbody><tr><td><strong>Lp.<\/strong><\/td><td><strong>Termin<\/strong><\/td><td><strong>Zadania do realizacji<\/strong><\/td><td>Uwagi<\/td><\/tr><tr><td>1.<\/td><td>28 sierpnia 2025 r.<\/td><td>Zatwierdzenie dokument\u00f3w dotycz\u0105cych organizacji roku szkolnego 2025\/2026. Przydzia\u0142 nauczycielom przedmiot\u00f3w nauczania, zaj\u0119\u0107 wychowawczych, opieku\u0144czych, dodatkowych czynno\u015bci&nbsp; w roku szkolnym 2025\/2026. Zaopiniowanie aneksu nr 2 organizacyjnego pracy szko\u0142y<\/td><td>&nbsp;<\/td><\/tr><tr><td>2.<\/td><td>11 &nbsp;wrzesie\u0144 2025 r. &nbsp; &nbsp;<\/td><td>Zaopiniowanie programu wychowawczo-profilaktycznego na rok szkolny 2025\/2026 r. Zatwierdzenie kalendarza imprez i uroczysto\u015bci szkolnych na rok szkolny 2025\/2026, harmonogramu spotka\u0144 z rodzicami i posiedze\u0144 rady pedagogicznej. Zaopiniowanie Planu Nadzoru Pedagogicznego na rok szkolny 2025\/2026<\/td><td>&nbsp;<\/td><\/tr><tr><td>4.<\/td><td>9 pa\u017adziernik 2025 r. &nbsp;<\/td><td>Zaopiniowanie nagr\u00f3d dyrektora szko\u0142y<\/td><td>&nbsp;<\/td><\/tr><tr><td>5.<\/td><td>26 stycznia &nbsp;2026 r.<\/td><td>&nbsp;1. Zatwierdzenie wynik\u00f3w klasyfikacji za I p\u00f3\u0142rocze. &nbsp;<\/td><td>&nbsp;<\/td><\/tr><tr><td>6.<\/td><td>&nbsp;12 lutego 2026 r.<\/td><td>1. Przedstawienie wniosk\u00f3w ze sprawowanego nadzoru pedagogicznego oraz informacji&nbsp;&nbsp; o dzia\u0142alno\u015bci szko\u0142y w I p\u00f3\u0142roczu. &nbsp;<\/td><td>&nbsp;<\/td><\/tr><tr><td>7.<\/td><td>&nbsp;22 czerwca 2026 r.<\/td><td>1. Podj\u0119cie uchwa\u0142y w sprawie zatwierdzenia szkolnego zestawu program\u00f3w i podr\u0119cznik\u00f3w na rok szkolny 2025\/2026. 2. Zatwierdzenie wynik\u00f3w klasyfikacji&nbsp; i promocji za rok szkolny 2025\/2026.<\/td><td>&nbsp;<\/td><\/tr><tr><td>9.<\/td><td>25 czerwiec 2026 r.<\/td><td>1. Przedstawienie wniosk\u00f3w ze sprawowanego nadzoru pedagogicznego oraz informacji o dzia\u0142alno\u015bci szko\u0142y w roku szkolnym. &nbsp;<\/td><td>&nbsp;<\/td><\/tr><\/tbody><\/table><\/figure>\n","protected":false},"excerpt":{"rendered":"<p>Lp. Termin Zadania do realizacji Uwagi 1. 28 sierpnia 2025 r. Zatwierdzenie dokument\u00f3w dotycz\u0105cych organizacji roku szkolnego 2025\/2026. Przydzia\u0142 nauczycielom przedmiot\u00f3w nauczania, zaj\u0119\u0107 wychowawczych, opieku\u0144czych, dodatkowych czynno\u015bci&nbsp; w roku szkolnym&#8230; <\/p>\n","protected":false},"author":1,"featured_media":0,"parent":0,"menu_order":0,"comment_status":"closed","ping_status":"closed","template":"","meta":{"footnotes":""},"class_list":["post-224","page","type-page","status-publish","hentry"],"_links":{"self":[{"href":"https:\/\/sp.blazowa.net\/index.php?rest_route=\/wp\/v2\/pages\/224","targetHints":{"allow":["GET"]}}],"collection":[{"href":"https:\/\/sp.blazowa.net\/index.php?rest_route=\/wp\/v2\/pages"}],"about":[{"href":"https:\/\/sp.blazowa.net\/index.php?rest_route=\/wp\/v2\/types\/page"}],"author":[{"embeddable":true,"href":"https:\/\/sp.blazowa.net\/index.php?rest_route=\/wp\/v2\/users\/1"}],"replies":[{"embeddable":true,"href":"https:\/\/sp.blazowa.net\/index.php?rest_route=%2Fwp%2Fv2%2Fcomments&post=224"}],"version-history":[{"count":3,"href":"https:\/\/sp.blazowa.net\/index.php?rest_route=\/wp\/v2\/pages\/224\/revisions"}],"predecessor-version":[{"id":676,"href":"https:\/\/sp.blazowa.net\/index.php?rest_route=\/wp\/v2\/pages\/224\/revisions\/676"}],"wp:attachment":[{"href":"https:\/\/sp.blazowa.net\/index.php?rest_route=%2Fwp%2Fv2%2Fmedia&parent=224"}],"curies":[{"name":"wp","href":"https:\/\/api.w.org\/{rel}","templated":true}]}}