{"id":240,"date":"2025-03-21T09:52:42","date_gmt":"2025-03-21T08:52:42","guid":{"rendered":"https:\/\/sp.blazowa.net\/?page_id=240"},"modified":"2025-03-21T09:52:42","modified_gmt":"2025-03-21T08:52:42","slug":"bezpieczenstwo-w-sieci","status":"publish","type":"page","link":"https:\/\/sp.blazowa.net\/?page_id=240","title":{"rendered":"Bezpiecze\u0144stwo w sieci"},"content":{"rendered":"\n<p><a href=\"https:\/\/www.trendmicro.com\/pl_pl\/what-is\/network-security.html?utm_content=ent_network+one_lg_e_pl_wg_ao_dynamic&amp;gclid=CjwKCAiAkfucBhBBEiwAFjbkr8uiFuSDERWvwEmNVMmK8D5kui7GKt-nOOs3qYqZNXZE9cd3rN10uBoCuqYQAvD_BwE\">Bezpiecze\u0144stwo dziecka w sieci \u2013 wskaz\u00f3wki dla rodzic\u00f3w i dzieci<\/a><\/p>\n\n\n\n<p><a href=\"https:\/\/www.neonet.pl\/blog\/bezpieczenstwo-w-sieci-zasady.html\">Bezpiecze\u0144stwo w sieci \u2013 jak by\u0107 bezpiecznym w internecie?<\/a><\/p>\n\n\n\n<p><a href=\"https:\/\/geex.x-kom.pl\/lifestyle\/10-zasad-bezpiecznego-korzystania-z-sieci\/\">10 zasad bezpiecznego korzystania z sieci<\/a><\/p>\n\n\n\n<p><a href=\"http:\/\/www.youtube.com\/watch?v=7YjIetczXoM\">Bezpieczny w sieci. \u2013 Dobry \u017cart.<\/a><\/p>\n\n\n\n<p><a href=\"http:\/\/www.youtube.com\/watch?v=vIdtk2jWVKE\">B\u0105d\u017a bezpieczny w sieci. \u2013 Znajomi nieznajomi.<\/a><\/p>\n\n\n\n<p><a href=\"http:\/\/www.youtube.com\/watch?v=XoUG8hn5_j0\">B\u0105d\u017a bezpieczny w sieci. Ma\u0142e zdj\u0119cie DU\u017bY problem.<\/a><\/p>\n\n\n\n<p><a href=\"http:\/\/www.youtube.com\/watch?v=echh5k8DGlI\">B\u0105d\u017a bezpieczny w sieci. W\u0142asno\u015b\u0107 intelektualna.<\/a><\/p>\n\n\n\n<p><a href=\"http:\/\/www.youtube.com\/watch?v=SrtlWeofq7k\">B\u0105d\u017a bezpieczny w sieci. Komputeromania.<\/a><\/p>\n","protected":false},"excerpt":{"rendered":"<p>Bezpiecze\u0144stwo dziecka w sieci \u2013 wskaz\u00f3wki dla rodzic\u00f3w i dzieci Bezpiecze\u0144stwo w sieci \u2013 jak by\u0107 bezpiecznym w internecie? 10 zasad bezpiecznego korzystania z sieci Bezpieczny w sieci. \u2013 Dobry&#8230; <\/p>\n","protected":false},"author":1,"featured_media":0,"parent":0,"menu_order":0,"comment_status":"closed","ping_status":"closed","template":"","meta":{"footnotes":""},"class_list":["post-240","page","type-page","status-publish","hentry"],"_links":{"self":[{"href":"https:\/\/sp.blazowa.net\/index.php?rest_route=\/wp\/v2\/pages\/240","targetHints":{"allow":["GET"]}}],"collection":[{"href":"https:\/\/sp.blazowa.net\/index.php?rest_route=\/wp\/v2\/pages"}],"about":[{"href":"https:\/\/sp.blazowa.net\/index.php?rest_route=\/wp\/v2\/types\/page"}],"author":[{"embeddable":true,"href":"https:\/\/sp.blazowa.net\/index.php?rest_route=\/wp\/v2\/users\/1"}],"replies":[{"embeddable":true,"href":"https:\/\/sp.blazowa.net\/index.php?rest_route=%2Fwp%2Fv2%2Fcomments&post=240"}],"version-history":[{"count":1,"href":"https:\/\/sp.blazowa.net\/index.php?rest_route=\/wp\/v2\/pages\/240\/revisions"}],"predecessor-version":[{"id":241,"href":"https:\/\/sp.blazowa.net\/index.php?rest_route=\/wp\/v2\/pages\/240\/revisions\/241"}],"wp:attachment":[{"href":"https:\/\/sp.blazowa.net\/index.php?rest_route=%2Fwp%2Fv2%2Fmedia&parent=240"}],"curies":[{"name":"wp","href":"https:\/\/api.w.org\/{rel}","templated":true}]}}