{"id":252,"date":"2025-03-21T10:02:03","date_gmt":"2025-03-21T09:02:03","guid":{"rendered":"https:\/\/sp.blazowa.net\/?page_id=252"},"modified":"2025-03-21T10:02:03","modified_gmt":"2025-03-21T09:02:03","slug":"dyrektor","status":"publish","type":"page","link":"https:\/\/sp.blazowa.net\/?page_id=252","title":{"rendered":"Dyrektor"},"content":{"rendered":"\n<p><strong>DYREKTOR<\/strong><strong><br>mgr Maria Kruczek<\/strong><\/p>\n\n\n\n<p>Zespo\u0142u&nbsp;Szk\u00f3\u0142 w B\u0142a\u017cowej<\/p>\n\n\n\n<p>przyjmuje codziennie w godz.:&nbsp;<strong>8:00 \u2013 8:45<\/strong><\/p>\n\n\n\n<p>e-mail: dyrektor.zsblazowa@gmail.com<\/p>\n","protected":false},"excerpt":{"rendered":"<p>DYREKTORmgr Maria Kruczek Zespo\u0142u&nbsp;Szk\u00f3\u0142 w B\u0142a\u017cowej przyjmuje codziennie w godz.:&nbsp;8:00 \u2013 8:45 e-mail: dyrektor.zsblazowa@gmail.com<\/p>\n","protected":false},"author":1,"featured_media":0,"parent":0,"menu_order":0,"comment_status":"closed","ping_status":"closed","template":"","meta":{"footnotes":""},"class_list":["post-252","page","type-page","status-publish","hentry"],"_links":{"self":[{"href":"https:\/\/sp.blazowa.net\/index.php?rest_route=\/wp\/v2\/pages\/252","targetHints":{"allow":["GET"]}}],"collection":[{"href":"https:\/\/sp.blazowa.net\/index.php?rest_route=\/wp\/v2\/pages"}],"about":[{"href":"https:\/\/sp.blazowa.net\/index.php?rest_route=\/wp\/v2\/types\/page"}],"author":[{"embeddable":true,"href":"https:\/\/sp.blazowa.net\/index.php?rest_route=\/wp\/v2\/users\/1"}],"replies":[{"embeddable":true,"href":"https:\/\/sp.blazowa.net\/index.php?rest_route=%2Fwp%2Fv2%2Fcomments&post=252"}],"version-history":[{"count":1,"href":"https:\/\/sp.blazowa.net\/index.php?rest_route=\/wp\/v2\/pages\/252\/revisions"}],"predecessor-version":[{"id":253,"href":"https:\/\/sp.blazowa.net\/index.php?rest_route=\/wp\/v2\/pages\/252\/revisions\/253"}],"wp:attachment":[{"href":"https:\/\/sp.blazowa.net\/index.php?rest_route=%2Fwp%2Fv2%2Fmedia&parent=252"}],"curies":[{"name":"wp","href":"https:\/\/api.w.org\/{rel}","templated":true}]}}