{"id":254,"date":"2025-03-21T10:02:46","date_gmt":"2025-03-21T09:02:46","guid":{"rendered":"https:\/\/sp.blazowa.net\/?page_id=254"},"modified":"2025-03-21T10:02:46","modified_gmt":"2025-03-21T09:02:46","slug":"wicedyrektor","status":"publish","type":"page","link":"https:\/\/sp.blazowa.net\/?page_id=254","title":{"rendered":"Wicedyrektor"},"content":{"rendered":"\n<p><strong>WICEDYREKTOR<br>mgr Danuta Bator<\/strong><\/p>\n\n\n\n<p>Szko\u0142y Podstawowej im. W\u0142adys\u0142awa Jagie\u0142\u0142y<br>w Zespole Szk\u00f3\u0142 w B\u0142a\u017cowej<\/p>\n\n\n\n<p>e-mail:&nbsp;<a href=\"https:\/\/poczta.wp.pl\/k\/\">danutabator14@gmail.com<\/a><\/p>\n\n\n\n<p>przyjmuje codziennie:<\/p>\n\n\n\n<p>w&nbsp;godz.:&nbsp;<strong>10:00 \u2013 11:00<\/strong><\/p>\n","protected":false},"excerpt":{"rendered":"<p>WICEDYREKTORmgr Danuta Bator Szko\u0142y Podstawowej im. W\u0142adys\u0142awa Jagie\u0142\u0142yw Zespole Szk\u00f3\u0142 w B\u0142a\u017cowej e-mail:&nbsp;danutabator14@gmail.com przyjmuje codziennie: w&nbsp;godz.:&nbsp;10:00 \u2013 11:00<\/p>\n","protected":false},"author":1,"featured_media":0,"parent":0,"menu_order":0,"comment_status":"closed","ping_status":"closed","template":"","meta":{"footnotes":""},"class_list":["post-254","page","type-page","status-publish","hentry"],"_links":{"self":[{"href":"https:\/\/sp.blazowa.net\/index.php?rest_route=\/wp\/v2\/pages\/254","targetHints":{"allow":["GET"]}}],"collection":[{"href":"https:\/\/sp.blazowa.net\/index.php?rest_route=\/wp\/v2\/pages"}],"about":[{"href":"https:\/\/sp.blazowa.net\/index.php?rest_route=\/wp\/v2\/types\/page"}],"author":[{"embeddable":true,"href":"https:\/\/sp.blazowa.net\/index.php?rest_route=\/wp\/v2\/users\/1"}],"replies":[{"embeddable":true,"href":"https:\/\/sp.blazowa.net\/index.php?rest_route=%2Fwp%2Fv2%2Fcomments&post=254"}],"version-history":[{"count":1,"href":"https:\/\/sp.blazowa.net\/index.php?rest_route=\/wp\/v2\/pages\/254\/revisions"}],"predecessor-version":[{"id":255,"href":"https:\/\/sp.blazowa.net\/index.php?rest_route=\/wp\/v2\/pages\/254\/revisions\/255"}],"wp:attachment":[{"href":"https:\/\/sp.blazowa.net\/index.php?rest_route=%2Fwp%2Fv2%2Fmedia&parent=254"}],"curies":[{"name":"wp","href":"https:\/\/api.w.org\/{rel}","templated":true}]}}