{"id":263,"date":"2025-03-21T10:10:38","date_gmt":"2025-03-21T09:10:38","guid":{"rendered":"https:\/\/sp.blazowa.net\/?page_id=263"},"modified":"2025-03-21T10:10:38","modified_gmt":"2025-03-21T09:10:38","slug":"pedagog","status":"publish","type":"page","link":"https:\/\/sp.blazowa.net\/?page_id=263","title":{"rendered":"Pedagog"},"content":{"rendered":"\n<p><strong>Pedagog Magdalena Barty\u0144ska\u00a0<\/strong><\/p>\n\n\n\n<p><strong>Zwr\u00f3\u0107 si\u0119 do pedagoga szkolnego gdy:<\/strong><br>Czujesz, \u017ce nikt Ci\u0119 nie rozumie, jeste\u015b samotny!<br>Nie potrafisz porozumie\u0107 si\u0119 z nauczycielem!<br>Masz problemy rodzinne, znajdujesz si\u0119 w trudnej sytuacji materialnej!<br>Chcesz podzieli\u0107 si\u0119 swoj\u0105 rado\u015bci\u0105, sukcesem!<br>Chcia\u0142by\u015b pom\u00f3c innym, nie wiesz w jaki spos\u00f3b!<br>Masz ciekawe pomys\u0142y, kt\u00f3rymi chcesz si\u0119 podzieli\u0107!<br>Przyjd\u017a tak\u017ce z ka\u017cd\u0105 spraw\u0105, z kt\u00f3r\u0105 sam nie potrafisz sobie poradzi\u0107!<\/p>\n\n\n\n<p><strong>Godziny pracy pedagoga&nbsp;w roku szkolnym 2023\/2024:<\/strong><\/p>\n\n\n\n<p>Poniedzia\u0142ek 8.30- 14.30<br>Wtorek 8.30-14.30<br>\u015aroda 8.30- 14.30<br>Czwartek 8.30-15.30<br>Pi\u0105tek 8.30-15.30<\/p>\n\n\n\n<p><strong>Informacja dla Rodzic\u00f3w:<\/strong><\/p>\n\n\n\n<p>Istnieje mo\u017cliwo\u015b\u0107 um\u00f3wienia si\u0119 w godzinach pracy lub w godzinach popo\u0142udniowych na terenie szko\u0142y po wcze\u015bniejszym uzgodnieniu terminu.<\/p>\n\n\n\n<p><strong>Kontakt z pedagogiem szkolnym:<\/strong><\/p>\n\n\n\n<p>tel.: (17) 2297-015<br>tel.: (17) 2301-100<\/p>\n","protected":false},"excerpt":{"rendered":"<p>Pedagog Magdalena Barty\u0144ska\u00a0 Zwr\u00f3\u0107 si\u0119 do pedagoga szkolnego gdy:Czujesz, \u017ce nikt Ci\u0119 nie rozumie, jeste\u015b samotny!Nie potrafisz porozumie\u0107 si\u0119 z nauczycielem!Masz problemy rodzinne, znajdujesz si\u0119 w trudnej sytuacji materialnej!Chcesz podzieli\u0107&#8230; <\/p>\n","protected":false},"author":1,"featured_media":0,"parent":0,"menu_order":0,"comment_status":"closed","ping_status":"closed","template":"","meta":{"footnotes":""},"class_list":["post-263","page","type-page","status-publish","hentry"],"_links":{"self":[{"href":"https:\/\/sp.blazowa.net\/index.php?rest_route=\/wp\/v2\/pages\/263","targetHints":{"allow":["GET"]}}],"collection":[{"href":"https:\/\/sp.blazowa.net\/index.php?rest_route=\/wp\/v2\/pages"}],"about":[{"href":"https:\/\/sp.blazowa.net\/index.php?rest_route=\/wp\/v2\/types\/page"}],"author":[{"embeddable":true,"href":"https:\/\/sp.blazowa.net\/index.php?rest_route=\/wp\/v2\/users\/1"}],"replies":[{"embeddable":true,"href":"https:\/\/sp.blazowa.net\/index.php?rest_route=%2Fwp%2Fv2%2Fcomments&post=263"}],"version-history":[{"count":1,"href":"https:\/\/sp.blazowa.net\/index.php?rest_route=\/wp\/v2\/pages\/263\/revisions"}],"predecessor-version":[{"id":264,"href":"https:\/\/sp.blazowa.net\/index.php?rest_route=\/wp\/v2\/pages\/263\/revisions\/264"}],"wp:attachment":[{"href":"https:\/\/sp.blazowa.net\/index.php?rest_route=%2Fwp%2Fv2%2Fmedia&parent=263"}],"curies":[{"name":"wp","href":"https:\/\/api.w.org\/{rel}","templated":true}]}}