{"id":272,"date":"2025-03-21T10:14:05","date_gmt":"2025-03-21T09:14:05","guid":{"rendered":"https:\/\/sp.blazowa.net\/?page_id=272"},"modified":"2025-09-19T17:34:26","modified_gmt":"2025-09-19T15:34:26","slug":"logopedia","status":"publish","type":"page","link":"https:\/\/sp.blazowa.net\/?page_id=272","title":{"rendered":"Logopedia"},"content":{"rendered":"\n<p><strong>Logopedia<\/strong><\/p>\n\n\n\n<p><span style=\"text-decoration: underline;\">Oddzia\u0142 Przedszkolny \u201eBajkowa Kraina\u201d<\/span><\/p>\n\n\n\n<p><strong>Sylwia Nied\u017awied\u017a:<\/strong><\/p>\n\n\n\n<p>\u015aroda: 12:00- 13:00<\/p>\n\n\n\n<p>Czwartek: 12:00- 13:00<\/p>\n\n\n\n<p>Pi\u0105tek: 12:00- 13:00<\/p>\n\n\n\n<p><span style=\"text-decoration: underline;\">Szko\u0142a Podstawowa<\/span><\/p>\n\n\n\n<p><strong>Marta Lubas:<\/strong><\/p>\n\n\n\n<p>Wtorek: 12:00- 14:00<\/p>\n\n\n\n<p>\u015aroda: 12:35- 13:35<\/p>\n\n\n\n<p>Czwartek: 11:50- 13:50<\/p>\n\n\n\n<p><\/p>\n","protected":false},"excerpt":{"rendered":"<p>Logopedia Oddzia\u0142 Przedszkolny \u201eBajkowa Kraina\u201d Sylwia Nied\u017awied\u017a: \u015aroda: 12:00- 13:00 Czwartek: 12:00- 13:00 Pi\u0105tek: 12:00- 13:00 Szko\u0142a Podstawowa Marta Lubas: Wtorek: 12:00- 14:00 \u015aroda: 12:35- 13:35 Czwartek: 11:50- 13:50<\/p>\n","protected":false},"author":1,"featured_media":0,"parent":0,"menu_order":0,"comment_status":"closed","ping_status":"closed","template":"","meta":{"footnotes":""},"class_list":["post-272","page","type-page","status-publish","hentry"],"_links":{"self":[{"href":"https:\/\/sp.blazowa.net\/index.php?rest_route=\/wp\/v2\/pages\/272","targetHints":{"allow":["GET"]}}],"collection":[{"href":"https:\/\/sp.blazowa.net\/index.php?rest_route=\/wp\/v2\/pages"}],"about":[{"href":"https:\/\/sp.blazowa.net\/index.php?rest_route=\/wp\/v2\/types\/page"}],"author":[{"embeddable":true,"href":"https:\/\/sp.blazowa.net\/index.php?rest_route=\/wp\/v2\/users\/1"}],"replies":[{"embeddable":true,"href":"https:\/\/sp.blazowa.net\/index.php?rest_route=%2Fwp%2Fv2%2Fcomments&post=272"}],"version-history":[{"count":3,"href":"https:\/\/sp.blazowa.net\/index.php?rest_route=\/wp\/v2\/pages\/272\/revisions"}],"predecessor-version":[{"id":734,"href":"https:\/\/sp.blazowa.net\/index.php?rest_route=\/wp\/v2\/pages\/272\/revisions\/734"}],"wp:attachment":[{"href":"https:\/\/sp.blazowa.net\/index.php?rest_route=%2Fwp%2Fv2%2Fmedia&parent=272"}],"curies":[{"name":"wp","href":"https:\/\/api.w.org\/{rel}","templated":true}]}}