{"id":274,"date":"2025-03-21T10:14:44","date_gmt":"2025-03-21T09:14:44","guid":{"rendered":"https:\/\/sp.blazowa.net\/?page_id=274"},"modified":"2025-03-21T10:14:44","modified_gmt":"2025-03-21T09:14:44","slug":"swietlica","status":"publish","type":"page","link":"https:\/\/sp.blazowa.net\/?page_id=274","title":{"rendered":"\u015awietlica"},"content":{"rendered":"\n<p><strong>Godziny pracy \u015bwietlicy<\/strong><br>poniedzia\u0142ek \u2013 pi\u0105tek godz.:\u00a011:30 \u2013 16:30<\/p>\n\n\n\n<p>tel: (17) 23-01-400<\/p>\n\n\n\n<p>Drodzy Rodzice!<\/p>\n\n\n\n<p>Dyrekcja Zespo\u0142u Szk\u00f3\u0142 w B\u0142a\u017cowej informuje o&nbsp;<strong>zapisach dzieci do \u015bwietlicy szkolnej&nbsp;&nbsp;<\/strong>na rok szkolny 2024\/2025&nbsp; na podstawie<strong>&nbsp;KARTY ZG\u0141OSZENIA DO \u015aWIETLICY SZKOLNEJ NA ROK SZKOLNY 2024\/2025.&nbsp;<\/strong>Zapisy b\u0119d\u0105 si\u0119 odbywa\u0107 w terminie:&nbsp;<strong>do 31 sierpnia.<\/strong>&nbsp;<\/p>\n\n\n\n<p>Rodzic\u00f3w, kt\u00f3rzy nie b\u0119d\u0105 mogli w wy\u017cej wymienionym terminie zapisa\u0107 dziecka do \u015bwietlicy na podstawie kart zg\u0142oszeniowej, prosi si\u0119 o kontakt telefoniczny &nbsp;w celu ustalenia innego terminu z\u0142o\u017cenia &nbsp;\u2013 tel. 17&nbsp;230 11 00, 17&nbsp;229 70 15.<\/p>\n\n\n\n<p>Wnioski b\u0119d\u0105&nbsp;te\u017c dost\u0119pne przy wej\u015bciu g\u0142\u00f3wnym do szko\u0142y (budynek by\u0142ego gimnazjum).<\/p>\n","protected":false},"excerpt":{"rendered":"<p>Godziny pracy \u015bwietlicyponiedzia\u0142ek \u2013 pi\u0105tek godz.:\u00a011:30 \u2013 16:30 tel: (17) 23-01-400 Drodzy Rodzice! Dyrekcja Zespo\u0142u Szk\u00f3\u0142 w B\u0142a\u017cowej informuje o&nbsp;zapisach dzieci do \u015bwietlicy szkolnej&nbsp;&nbsp;na rok szkolny 2024\/2025&nbsp; na podstawie&nbsp;KARTY ZG\u0141OSZENIA&#8230; <\/p>\n","protected":false},"author":1,"featured_media":0,"parent":0,"menu_order":0,"comment_status":"closed","ping_status":"closed","template":"","meta":{"footnotes":""},"class_list":["post-274","page","type-page","status-publish","hentry"],"_links":{"self":[{"href":"https:\/\/sp.blazowa.net\/index.php?rest_route=\/wp\/v2\/pages\/274","targetHints":{"allow":["GET"]}}],"collection":[{"href":"https:\/\/sp.blazowa.net\/index.php?rest_route=\/wp\/v2\/pages"}],"about":[{"href":"https:\/\/sp.blazowa.net\/index.php?rest_route=\/wp\/v2\/types\/page"}],"author":[{"embeddable":true,"href":"https:\/\/sp.blazowa.net\/index.php?rest_route=\/wp\/v2\/users\/1"}],"replies":[{"embeddable":true,"href":"https:\/\/sp.blazowa.net\/index.php?rest_route=%2Fwp%2Fv2%2Fcomments&post=274"}],"version-history":[{"count":1,"href":"https:\/\/sp.blazowa.net\/index.php?rest_route=\/wp\/v2\/pages\/274\/revisions"}],"predecessor-version":[{"id":275,"href":"https:\/\/sp.blazowa.net\/index.php?rest_route=\/wp\/v2\/pages\/274\/revisions\/275"}],"wp:attachment":[{"href":"https:\/\/sp.blazowa.net\/index.php?rest_route=%2Fwp%2Fv2%2Fmedia&parent=274"}],"curies":[{"name":"wp","href":"https:\/\/api.w.org\/{rel}","templated":true}]}}