{"id":276,"date":"2025-03-21T10:15:28","date_gmt":"2025-03-21T09:15:28","guid":{"rendered":"https:\/\/sp.blazowa.net\/?page_id=276"},"modified":"2025-03-21T10:15:28","modified_gmt":"2025-03-21T09:15:28","slug":"godziny-dostepnosci-nauczycieli","status":"publish","type":"page","link":"https:\/\/sp.blazowa.net\/?page_id=276","title":{"rendered":"Godziny dost\u0119pno\u015bci nauczycieli"},"content":{"rendered":"\n<p>Godziny dost\u0119pno\u015bci nauczycieli\u00a0Zespo\u0142u Szk\u00f3\u0142 w B\u0142a\u017cowej<\/p>\n\n\n\n<figure class=\"wp-block-table\"><table class=\"has-fixed-layout\"><tbody><tr><td><strong>Lp.<\/strong><\/td><td><strong>Imi\u0119 i nazwisko<\/strong><\/td><td><strong>Dzie\u0144<\/strong><\/td><td><strong>Godzina<\/strong><\/td><\/tr><tr><td>1.<\/td><td>Barty\u0144ska Magdalena<\/td><td>czwartek<\/td><td>13.40 \u2013 14.40<\/td><\/tr><tr><td>2.<\/td><td>Bator Danuta<\/td><td>poniedzia\u0142ek<\/td><td>7.00 \u2013 8.00<\/td><\/tr><tr><td>3.<\/td><td>Bator Jan<\/td><td>\u015broda<\/td><td>8.45 \u2013 9.45<\/td><\/tr><tr><td>4.<\/td><td>B\u0105k Teresa<\/td><td>\u015broda<\/td><td>12.40 \u2013 13.40<\/td><\/tr><tr><td>5.<\/td><td>Brodowicz Tomasz<\/td><td>czwartek<\/td><td>12.30 \u2013 13.30 &nbsp;co drugi tydzie\u0144 LO<\/td><\/tr><tr><td>6.<\/td><td>Brudz Marzena<\/td><td>poniedzia\u0142ek<\/td><td>13.30 \u2013 14.30<\/td><\/tr><tr><td>7.<\/td><td>Dobrza\u0144ski Marcin<\/td><td>\u015broda<\/td><td>9.00 \u2013 10.00<\/td><\/tr><tr><td>8.<\/td><td>Duli\u0144ska Dagmara<\/td><td>czwartek<\/td><td>11.50 \u2013 12.50<\/td><\/tr><tr><td>9.<\/td><td>Fara\u015b Jurek<\/td><td>poniedzia\u0142ek<\/td><td>12.30 \u2013 13.30<\/td><\/tr><tr><td>10.<\/td><td>Filip Barbara<\/td><td>czwartek<\/td><td>12.30 \u2013 13.30<\/td><\/tr><tr><td>11.<\/td><td>Grzesik Robert<\/td><td>pi\u0105tek<\/td><td>13.30 \u2013 14.30<\/td><\/tr><tr><td>12.<\/td><td>Jurkiewicz Katarzyna<\/td><td>wtorek<\/td><td>12.25 \u2013 13.25<\/td><\/tr><tr><td>13.<\/td><td>Kotowicz Monika<\/td><td>poniedzia\u0142ek<\/td><td>11.50 \u2013&nbsp; 12.50<\/td><\/tr><tr><td>14.<\/td><td>Kruczek Grzegorz<\/td><td>wtorek<\/td><td>12.25 \u2013 13.25<\/td><\/tr><tr><td>15.<\/td><td>Kruczek Maria<\/td><td>&nbsp;<\/td><td>&nbsp;<\/td><\/tr><tr><td>16.<\/td><td>Kurasz Alicja<\/td><td>wtorek<\/td><td>12.35 \u2013 13.35<\/td><\/tr><tr><td>17.<\/td><td>Kusz Ma\u0142gorzata<\/td><td>poniedzia\u0142ek<\/td><td>12.45 \u2013 13.45<\/td><\/tr><tr><td>18.<\/td><td>Kutrzeba Ma\u0142gorzata<\/td><td>SP poniedzia\u0142ek&nbsp;&nbsp;&nbsp; LO \u015broda<\/td><td>7.30 \u2013 8.00 7.30 \u2013 8.00<\/td><\/tr><tr><td>19.<\/td><td>Lewicka Barbara<\/td><td>wtorek<\/td><td>13.30 \u2013 14.30 co drugi tydzie\u0144 LO<\/td><\/tr><tr><td>20.<\/td><td>Lubas Marta<\/td><td>poniedzia\u0142ek<\/td><td>12.35 \u2013 13.35<\/td><\/tr><tr><td>21.<\/td><td>Makara Ma\u0142gorzata<\/td><td>poniedzia\u0142ek pi\u0105tek<\/td><td>12.30 \u2013 13.00 7.00 \u2013 7.30<\/td><\/tr><tr><td>22.<\/td><td>Niemiec Gabriela<\/td><td>wtorek czwartek<\/td><td>12.00 \u2013 12.30 7.30-8.00<\/td><\/tr><tr><td>23.<\/td><td>Macio\u0142ek Renata<\/td><td>czwartek<\/td><td>9.45-10.45<\/td><\/tr><tr><td>24.<\/td><td>Pelc Natalia<\/td><td>poniedzia\u0142ek wtorek<\/td><td>7.30-8.00 15.30-16.00<\/td><\/tr><tr><td>25.<\/td><td>Pi\u0119ta Marta<\/td><td>poniedzia\u0142ek<\/td><td>12.00-13.00<\/td><\/tr><tr><td>26.<\/td><td>Pomyka\u0142a Magdalena<\/td><td>poniedzia\u0142ek \u015broda<\/td><td>7.30-8.00 7.30-8.00<\/td><\/tr><tr><td>27.<\/td><td>Przyby\u0142o Gra\u017cyna<\/td><td>poniedzia\u0142ek<\/td><td>12.00-13.00<\/td><\/tr><tr><td>28.<\/td><td>R\u00f3g Dariusz<\/td><td>&nbsp;<\/td><td>&nbsp;<\/td><\/tr><tr><td>29.<\/td><td>Rosiak El\u017cbieta<\/td><td>poniedzia\u0142ek<\/td><td>9.50-10.50<\/td><\/tr><tr><td>30.<\/td><td>Rybka Gabriela<\/td><td>czwartek<\/td><td>13.40-14.40<\/td><\/tr><tr><td>31.<\/td><td>Rybka Kinga<\/td><td>poniedzia\u0142ek wtorek<\/td><td>7.30-8.00 7.30-8.00<\/td><\/tr><tr><td>32.<\/td><td>Sajdyk Anna<\/td><td>wtorek<\/td><td>7.00-8.00<\/td><\/tr><tr><td>33.<\/td><td>Skowronek Anna<\/td><td>wtorek<\/td><td>15.00-16.00<\/td><\/tr><tr><td>34.<\/td><td>Sroka Maria<\/td><td>poniedzia\u0142ek<\/td><td>11.50-12.50<\/td><\/tr><tr><td>35.<\/td><td>Stanio Anna<\/td><td>wtorek<\/td><td>12.45-13.45<\/td><\/tr><tr><td>36.<\/td><td>Szmist Dariusz<\/td><td>wtorek<\/td><td>7.00-8.00<\/td><\/tr><tr><td>37.<\/td><td>Szostek Diana<\/td><td>czwartek<\/td><td>11.40-12.40<\/td><\/tr><tr><td>38.<\/td><td>Szul Agata<\/td><td>wtorek<\/td><td>13.30-14.30<\/td><\/tr><tr><td>39.<\/td><td>Szul Andrzej<\/td><td>czwartek<\/td><td>12.40-13.40<\/td><\/tr><tr><td>40.<\/td><td>Uryga Danuta<\/td><td>wtorek<\/td><td>7.45-8.45<\/td><\/tr><tr><td>41.<\/td><td>Wapi\u0144ska Klaudia<\/td><td>pi\u0105tek<\/td><td>13.30-14.30<\/td><\/tr><tr><td>42.<\/td><td>Wi\u0119c\u0142awska Beata<\/td><td>pi\u0105tek s.29<\/td><td>7.00-8.00<\/td><\/tr><tr><td>43.<\/td><td>Wojtas Marta<\/td><td>czwartek<\/td><td>10.30-11.30<\/td><\/tr><tr><td>44.<\/td><td>Ks. Adrian Wo\u0142oszyn<\/td><td>wtorek<\/td><td>9.40-10.40<\/td><\/tr><tr><td>45.<\/td><td>Wr\u00f3bel Ma\u0142gorzata<\/td><td>wtorek<\/td><td>11.30-12.30<\/td><\/tr><tr><td>46.<\/td><td>Wyskiel Klaudia<\/td><td>poniedzia\u0142ek \u015broda<\/td><td>11.30-12.00 7.30-8.00<\/td><\/tr><tr><td>47.<\/td><td>Wyskiel Magdalena<\/td><td>czwartek \u015broda<\/td><td>7.30-8.00 15.00-15.30<\/td><\/tr><\/tbody><\/table><\/figure>\n","protected":false},"excerpt":{"rendered":"<p>Godziny dost\u0119pno\u015bci nauczycieli\u00a0Zespo\u0142u Szk\u00f3\u0142 w B\u0142a\u017cowej Lp. Imi\u0119 i nazwisko Dzie\u0144 Godzina 1. Barty\u0144ska Magdalena czwartek 13.40 \u2013 14.40 2. Bator Danuta poniedzia\u0142ek 7.00 \u2013 8.00 3. Bator Jan \u015broda&#8230; <\/p>\n","protected":false},"author":1,"featured_media":0,"parent":0,"menu_order":0,"comment_status":"closed","ping_status":"closed","template":"","meta":{"footnotes":""},"class_list":["post-276","page","type-page","status-publish","hentry"],"_links":{"self":[{"href":"https:\/\/sp.blazowa.net\/index.php?rest_route=\/wp\/v2\/pages\/276","targetHints":{"allow":["GET"]}}],"collection":[{"href":"https:\/\/sp.blazowa.net\/index.php?rest_route=\/wp\/v2\/pages"}],"about":[{"href":"https:\/\/sp.blazowa.net\/index.php?rest_route=\/wp\/v2\/types\/page"}],"author":[{"embeddable":true,"href":"https:\/\/sp.blazowa.net\/index.php?rest_route=\/wp\/v2\/users\/1"}],"replies":[{"embeddable":true,"href":"https:\/\/sp.blazowa.net\/index.php?rest_route=%2Fwp%2Fv2%2Fcomments&post=276"}],"version-history":[{"count":1,"href":"https:\/\/sp.blazowa.net\/index.php?rest_route=\/wp\/v2\/pages\/276\/revisions"}],"predecessor-version":[{"id":277,"href":"https:\/\/sp.blazowa.net\/index.php?rest_route=\/wp\/v2\/pages\/276\/revisions\/277"}],"wp:attachment":[{"href":"https:\/\/sp.blazowa.net\/index.php?rest_route=%2Fwp%2Fv2%2Fmedia&parent=276"}],"curies":[{"name":"wp","href":"https:\/\/api.w.org\/{rel}","templated":true}]}}