{"id":282,"date":"2025-03-21T10:19:14","date_gmt":"2025-03-21T09:19:14","guid":{"rendered":"https:\/\/sp.blazowa.net\/?page_id=282"},"modified":"2025-03-21T10:19:14","modified_gmt":"2025-03-21T09:19:14","slug":"poprawa-jakosci-ksztalcenia-w-gminie-blazowa","status":"publish","type":"page","link":"https:\/\/sp.blazowa.net\/?page_id=282","title":{"rendered":"Poprawa jako\u015bci kszta\u0142cenia w gminie B\u0142a\u017cowa"},"content":{"rendered":"\n<p><strong>&#8222;Poprawa jako\u015bci kszta\u0142cenia w Gminie B\u0142a\u017cowa&#8221;<\/strong><br>nr RPPK.09.02.00-18-0087\/17<\/p>\n\n\n\n<p>Gmina B\u0142a\u017cowa realizuje projekt na terenie wojew\u00f3dztwa podkarpackiego w ramach Regionalnego Programu Operacyjnego Wojew\u00f3dztwa Podkarpackiego na lata 2014-2020, wsp\u00f3\u0142finansowany ze \u015brodk\u00f3w Unii Europejskiej w ramach Europejskiego Funduszu Spo\u0142ecznego.<\/p>\n\n\n\n<p>Okres realizacji projektu: 01.08.2018 r. \u2013 30.06.2020 r.<\/p>\n\n\n\n<p>Celem g\u0142\u00f3wnym projektu jest nabycie kompetencji w zakresie nauk przyrodniczych oraz TIK u 805 uczni\u00f3w (372 kobiet, 433 m\u0119\u017cczyzn), nabycie kompetencji w zakresie wykorzystania nauk przyrodniczych oraz TIK w nauczaniu przez 112 nauczycieli (89 kobiet, 23 m\u0119\u017cczyzn) oraz umo\u017cliwienie realizacji zaj\u0119\u0107 edukacyjnych poprzez wyposa\u017cenie szkolnych pracowni w narz\u0119dzia do nauczania w ww. obszarach w 8 szko\u0142ach z terenu Gminy B\u0142a\u017cowa do 30.06.2020 r.:<\/p>\n\n\n\n<ul class=\"wp-block-list\">\n<li>SP w B\u0142a\u017cowej<\/li>\n\n\n\n<li>SP w B\u0142a\u017cowej Dolnej<\/li>\n\n\n\n<li>SP w Bia\u0142ce<\/li>\n\n\n\n<li>SP w K\u0105kol\u00f3wce<\/li>\n\n\n\n<li>SP w Nowym Borku<\/li>\n\n\n\n<li>SP w Futomie<\/li>\n\n\n\n<li>SP w Lecce<\/li>\n\n\n\n<li>SP w Pi\u0105tkowej<\/li>\n<\/ul>\n\n\n\n<p>Rezultatem projektu b\u0119dzie nabycie nowych kwalifikacji przez nauczycieli oraz uczni\u00f3w obj\u0119tych wsparciem, co znacz\u0105co wp\u0142ynie na popraw\u0119 jako\u015bci i efekt\u00f3w nauczania w szko\u0142ach. Zakupione wyposa\u017cenie w ramach projektu wzbogaci ofert\u0119 edukacyjn\u0105, kszta\u0142tuj\u0105c kompetencje kluczowe uczni\u00f3w.<\/p>\n\n\n\n<p>Zadania realizowane w projekcie:<\/p>\n\n\n\n<ul class=\"wp-block-list\">\n<li>Tworzenie warunk\u00f3w nauczania opartego na eksperymencie<\/li>\n\n\n\n<li>Wsparcie na rzecz zwi\u0119kszania wykorzystania technologii TIK<\/li>\n\n\n\n<li>Podnoszenie kompetencji nauczycieli \u2013 przyrodnicze<\/li>\n\n\n\n<li>Podnoszenie kompetencji nauczycieli \u2013 TIK<\/li>\n\n\n\n<li>Kszta\u0142towanie i rozwijanie kompetencji uczni\u00f3w w zakresie przedmiot\u00f3w przyrodniczych<\/li>\n<\/ul>\n\n\n\n<p><\/p>\n","protected":false},"excerpt":{"rendered":"<p>&#8222;Poprawa jako\u015bci kszta\u0142cenia w Gminie B\u0142a\u017cowa&#8221;nr RPPK.09.02.00-18-0087\/17 Gmina B\u0142a\u017cowa realizuje projekt na terenie wojew\u00f3dztwa podkarpackiego w ramach Regionalnego Programu Operacyjnego Wojew\u00f3dztwa Podkarpackiego na lata 2014-2020, wsp\u00f3\u0142finansowany ze \u015brodk\u00f3w Unii Europejskiej&#8230; <\/p>\n","protected":false},"author":1,"featured_media":0,"parent":0,"menu_order":0,"comment_status":"closed","ping_status":"closed","template":"","meta":{"footnotes":""},"class_list":["post-282","page","type-page","status-publish","hentry"],"_links":{"self":[{"href":"https:\/\/sp.blazowa.net\/index.php?rest_route=\/wp\/v2\/pages\/282","targetHints":{"allow":["GET"]}}],"collection":[{"href":"https:\/\/sp.blazowa.net\/index.php?rest_route=\/wp\/v2\/pages"}],"about":[{"href":"https:\/\/sp.blazowa.net\/index.php?rest_route=\/wp\/v2\/types\/page"}],"author":[{"embeddable":true,"href":"https:\/\/sp.blazowa.net\/index.php?rest_route=\/wp\/v2\/users\/1"}],"replies":[{"embeddable":true,"href":"https:\/\/sp.blazowa.net\/index.php?rest_route=%2Fwp%2Fv2%2Fcomments&post=282"}],"version-history":[{"count":1,"href":"https:\/\/sp.blazowa.net\/index.php?rest_route=\/wp\/v2\/pages\/282\/revisions"}],"predecessor-version":[{"id":283,"href":"https:\/\/sp.blazowa.net\/index.php?rest_route=\/wp\/v2\/pages\/282\/revisions\/283"}],"wp:attachment":[{"href":"https:\/\/sp.blazowa.net\/index.php?rest_route=%2Fwp%2Fv2%2Fmedia&parent=282"}],"curies":[{"name":"wp","href":"https:\/\/api.w.org\/{rel}","templated":true}]}}