{"id":284,"date":"2025-03-21T10:20:06","date_gmt":"2025-03-21T09:20:06","guid":{"rendered":"https:\/\/sp.blazowa.net\/?page_id=284"},"modified":"2025-03-21T10:20:06","modified_gmt":"2025-03-21T09:20:06","slug":"indywidualizacja-nauczania-wychowania","status":"publish","type":"page","link":"https:\/\/sp.blazowa.net\/?page_id=284","title":{"rendered":"Indywidualizacja nauczania, wychowania"},"content":{"rendered":"\n<p>W styczniu&nbsp;rozpocz\u0119\u0142a si\u0119 realizacja kolejnego projektu finansowanego przez EFS w ramach programu \u201eKapita\u0142 ludzki\u201d pod nazw\u0105 \u201eIndywidualizacja procesu nauczania i wychowania uczni\u00f3w kl. I \u2013 III szk\u00f3\u0142 podstawowych na terenie gminy B\u0142a\u017cowa\u201d. S\u0105 to zaj\u0119cia pozwalaj\u0105ce dzieciom uzupe\u0142nia\u0107 lub rozwija\u0107 zdobyte wiadomo\u015bci z zakresu matematyki, j\u0119zyka polskiego, przyrody i plastyki.&nbsp;W naszej szkole komisja zakwalifikowa\u0142a 21 uczni\u00f3w do udzia\u0142u w projekcie. Zaj\u0119cia s\u0105 prowadzone w ma\u0142ych grupach, co umo\u017cliwia indywidualne podej\u015bcie do ka\u017cdego dziecka, a wymiar dw\u00f3ch godzin tygodniowo nie obci\u0105\u017ca nadmiernie planu zaj\u0119\u0107. Zaj\u0119cia z j\u0119zyka polskiego prowadzi p. Jadwiga szyd\u0142o, z matematyki \u2013 p. Agata Jakubczyk-Piech, przyrodniczo \u2013 matematyczne \u2013 p. Krystyna \u017burek, a plastyczne p. Ma\u0142gorzata Wo\u017aniak.&nbsp;Do pomocy nauczycielom prowadz\u0105cym szko\u0142a otrzyma pomoce dydaktyczne na sum\u0119 ponad 13 tys. z\u0142otych. Wszystkie pomoce po zako\u0144czeniu realizacji projektu zostan\u0105 przekazane na w\u0142asno\u015b\u0107 na wyposa\u017cenie szko\u0142y.&nbsp;Szczeg\u00f3\u0142owy harmonogram zaj\u0119\u0107 jest dost\u0119pny na tablicy dla rodzic\u00f3w \/przy wej\u015bciu g\u0142\u00f3wnym do szko\u0142y\/ oraz na tablicy przeznaczonej dla uczni\u00f3w m\u0142odszych na II pi\u0119trze. Wszelkie pytania zwi\u0105zane z realizacj\u0105 projektu prosz\u0119 kierowa\u0107 do dyrektora szko\u0142y lub nauczycieli prowadz\u0105cych zaj\u0119cia. W czasie ferii zimowych, jak i innych dni wolnych od nauki szkolnej, zaj\u0119cia z projektu nie b\u0119d\u0105 prowadzone. &nbsp;&nbsp;<\/p>\n","protected":false},"excerpt":{"rendered":"<p>W styczniu&nbsp;rozpocz\u0119\u0142a si\u0119 realizacja kolejnego projektu finansowanego przez EFS w ramach programu \u201eKapita\u0142 ludzki\u201d pod nazw\u0105 \u201eIndywidualizacja procesu nauczania i wychowania uczni\u00f3w kl. I \u2013 III szk\u00f3\u0142 podstawowych na terenie&#8230; <\/p>\n","protected":false},"author":1,"featured_media":0,"parent":0,"menu_order":0,"comment_status":"closed","ping_status":"closed","template":"","meta":{"footnotes":""},"class_list":["post-284","page","type-page","status-publish","hentry"],"_links":{"self":[{"href":"https:\/\/sp.blazowa.net\/index.php?rest_route=\/wp\/v2\/pages\/284","targetHints":{"allow":["GET"]}}],"collection":[{"href":"https:\/\/sp.blazowa.net\/index.php?rest_route=\/wp\/v2\/pages"}],"about":[{"href":"https:\/\/sp.blazowa.net\/index.php?rest_route=\/wp\/v2\/types\/page"}],"author":[{"embeddable":true,"href":"https:\/\/sp.blazowa.net\/index.php?rest_route=\/wp\/v2\/users\/1"}],"replies":[{"embeddable":true,"href":"https:\/\/sp.blazowa.net\/index.php?rest_route=%2Fwp%2Fv2%2Fcomments&post=284"}],"version-history":[{"count":1,"href":"https:\/\/sp.blazowa.net\/index.php?rest_route=\/wp\/v2\/pages\/284\/revisions"}],"predecessor-version":[{"id":285,"href":"https:\/\/sp.blazowa.net\/index.php?rest_route=\/wp\/v2\/pages\/284\/revisions\/285"}],"wp:attachment":[{"href":"https:\/\/sp.blazowa.net\/index.php?rest_route=%2Fwp%2Fv2%2Fmedia&parent=284"}],"curies":[{"name":"wp","href":"https:\/\/api.w.org\/{rel}","templated":true}]}}