{"id":74,"date":"2025-03-18T23:45:19","date_gmt":"2025-03-18T22:45:19","guid":{"rendered":"https:\/\/sp.blazowa.net\/?page_id=74"},"modified":"2025-09-09T18:45:06","modified_gmt":"2025-09-09T16:45:06","slug":"grono-pedagogiczne","status":"publish","type":"page","link":"https:\/\/sp.blazowa.net\/?page_id=74","title":{"rendered":"Grono pedagogiczne"},"content":{"rendered":"\n<p><\/p>\n\n\n\n<p>Dyrektor Zespo\u0142u Szk\u00f3\u0142: mgr Maria Kruczek<\/p>\n\n\n\n<p>Wicedyrektor: mgr Danuta Bator<\/p>\n\n\n\n<p>NAUCZANIE ZINTEGROWANE<\/p>\n\n\n\n<p>mgr Magdalena Pomyka\u0142a<br>mgr Marta Lubas<br>mgr Marta Pi\u0119ta<br>mgr Danuta Bator<br>mgr Diana Szostek<br>mgr Monika Kotowicz<br>mgr Alicja Kurasz<\/p>\n\n\n\n<p>J\u0118ZYK POLSKI<\/p>\n\n\n\n<p>mgr Beata Wi\u0119c\u0142awska<br>mgr Teresa B\u0105k<br>mgr Agata Szul<\/p>\n\n\n\n<p>RELIGIA<\/p>\n\n\n\n<p>ks. mgr Adrian Wo\u0142oszyn<br>ks. mgr Tomasz Brodowicz<\/p>\n\n\n\n<p>MATEMATYKA<\/p>\n\n\n\n<p>mgr Anna Sajdyk<br>mgr Katarzyna Jurkiewicz<br>mgr Anna Liszcz<\/p>\n\n\n\n<p>J\u0118ZYK ANGIELSKI<\/p>\n\n\n\n<p>mgr Anna Stanio<br>mgr Barbara Filip<br>mgr Dariusz Szmist<\/p>\n\n\n\n<p>J\u0118ZYK NIEMIECKI<\/p>\n\n\n\n<p>mgr Renata Macio\u0142ek<\/p>\n\n\n\n<p>&nbsp;PRZYRODA<\/p>\n\n\n\n<p>mgr El\u017cbieta Rosiak<\/p>\n\n\n\n<p>GEOGRAFIA<\/p>\n\n\n\n<p>mgr Barbara Lewicka<\/p>\n\n\n\n<p>&nbsp;BIOLOGIA<\/p>\n\n\n\n<p>mgr El\u017cbieta Rosiak<\/p>\n\n\n\n<p>CHEMIA<\/p>\n\n\n\n<p>mgr El\u017cbieta Rosiak<\/p>\n\n\n\n<p>HISTORIA<\/p>\n\n\n\n<p>dr Ma\u0142gorzata Kutrzeba<br>mgr Marzena Brudz<\/p>\n\n\n\n<p>FIZYKA<\/p>\n\n\n\n<p>mgr El\u017cbieta Zawora<\/p>\n\n\n\n<p>PLASTYKA<\/p>\n\n\n\n<p>mgr Ma\u0142gorzta Kusz<\/p>\n\n\n\n<p>MUZYKA<\/p>\n\n\n\n<p>mgr Andrzej Szul<\/p>\n\n\n\n<p>WYCHOWANIE FIZYCZNE<\/p>\n\n\n\n<p>mgr Ma\u0142gorzta Wr\u00f3bel<br>mgr Jurek Fara\u015b<br>mgr Marcin Dobrza\u0144ski<\/p>\n\n\n\n<p>INFORMATYKA<\/p>\n\n\n\n<p>mgr Grzegorz Kruczek<\/p>\n\n\n\n<p>TECHNIKA<\/p>\n\n\n\n<p>mgr Anna Sajdyk<\/p>\n\n\n\n<p>EDUKACJA ZDROWOTNA<\/p>\n\n\n\n<p>mgr <\/p>\n\n\n\n<p>PEDAGOG<\/p>\n\n\n\n<p>mgr Magdalena Barty\u0144ska<\/p>\n\n\n\n<p>ZAJ\u0118CIA \u015aWIETLICOWE<\/p>\n\n\n\n<p>mgr Marta Wojas<\/p>\n\n\n\n<p>BIBLIOTEKA<\/p>\n\n\n\n<p>mgr Diana Bazan<\/p>\n\n\n\n<p>NAUCZYCIEL WSPOMAGAJ\u0104CY<\/p>\n\n\n\n<p>mgr Katarzyna Jurkiewicz<\/p>\n\n\n\n<p>mgr Gabriela Rybka<\/p>\n\n\n\n<p>mgr Dagmara Duli\u0144ska<\/p>\n\n\n\n<p>LOGOPEDA<\/p>\n\n\n\n<p>mgr Marta Lubas<br>mgr Beata Wi\u0119c\u0142awska<\/p>\n\n\n\n<p>DORADZTWO ZAWODOWE<\/p>\n\n\n\n<p>mgr Katarzyna Sowa<\/p>\n\n\n\n<p>EDUKACJA PRZEDSZKOLNA<\/p>\n\n\n\n<p>gr. S\u00f3wki \u2013 mgr <br>gr. Tygryski \u2013 mgr Magdalena Wyskiel oraz mgr Ma\u0142gorzata Makara<br>gr. Puchatki \u2013 mgr Natalia Pelc oraz mgr Ma\u0142gorzata Makara<br>gr. Kangurki \u2013 mgr Klaudia Wyskiel oraz mgr Gabriela Niemiec<\/p>\n","protected":false},"excerpt":{"rendered":"<p>Dyrektor Zespo\u0142u Szk\u00f3\u0142: mgr Maria Kruczek Wicedyrektor: mgr Danuta Bator NAUCZANIE ZINTEGROWANE mgr Magdalena Pomyka\u0142amgr Marta Lubasmgr Marta Pi\u0119tamgr Danuta Batormgr Diana Szostekmgr Monika Kotowiczmgr Alicja Kurasz J\u0118ZYK POLSKI mgr&#8230; <\/p>\n","protected":false},"author":1,"featured_media":0,"parent":0,"menu_order":0,"comment_status":"closed","ping_status":"closed","template":"","meta":{"footnotes":""},"class_list":["post-74","page","type-page","status-publish","hentry"],"_links":{"self":[{"href":"https:\/\/sp.blazowa.net\/index.php?rest_route=\/wp\/v2\/pages\/74","targetHints":{"allow":["GET"]}}],"collection":[{"href":"https:\/\/sp.blazowa.net\/index.php?rest_route=\/wp\/v2\/pages"}],"about":[{"href":"https:\/\/sp.blazowa.net\/index.php?rest_route=\/wp\/v2\/types\/page"}],"author":[{"embeddable":true,"href":"https:\/\/sp.blazowa.net\/index.php?rest_route=\/wp\/v2\/users\/1"}],"replies":[{"embeddable":true,"href":"https:\/\/sp.blazowa.net\/index.php?rest_route=%2Fwp%2Fv2%2Fcomments&post=74"}],"version-history":[{"count":4,"href":"https:\/\/sp.blazowa.net\/index.php?rest_route=\/wp\/v2\/pages\/74\/revisions"}],"predecessor-version":[{"id":679,"href":"https:\/\/sp.blazowa.net\/index.php?rest_route=\/wp\/v2\/pages\/74\/revisions\/679"}],"wp:attachment":[{"href":"https:\/\/sp.blazowa.net\/index.php?rest_route=%2Fwp%2Fv2%2Fmedia&parent=74"}],"curies":[{"name":"wp","href":"https:\/\/api.w.org\/{rel}","templated":true}]}}