{"id":78,"date":"2025-03-18T23:48:08","date_gmt":"2025-03-18T22:48:08","guid":{"rendered":"https:\/\/sp.blazowa.net\/?page_id=78"},"modified":"2025-03-18T23:48:08","modified_gmt":"2025-03-18T22:48:08","slug":"historia-szkoly","status":"publish","type":"page","link":"https:\/\/sp.blazowa.net\/?page_id=78","title":{"rendered":"Historia szko\u0142y"},"content":{"rendered":"\n<p>Pierwszym dokumentem obrazuj\u0105cym zamierzenia budowy nowego budynku Szko\u0142y Podstawowej w B\u0142a\u017cowej jest akt notarialny spisany 28 lutego 1958 roku. Kuratorium Okr\u0119gu Szkolnego w Rzeszowie w dniu 26 maja 1962 r. wydaje orzeczenie w sprawie organizacji Szko\u0142y Podstawowej nr&nbsp;1 w B\u0142a\u017cowej pow. Rzesz\u00f3w:<\/p>\n\n\n\n<p><em>&nbsp;\u201eW mie\u015bcie B\u0142a\u017cowa pow. Rzesz\u00f3w na parceli szkolnej po\u0142o\u017conej przy szosie Rzesz\u00f3w \u2013 B\u0142a\u017cowa naprzeciw obecnego budynku szkolnego organizuje sie szko\u0142\u0119 podstawow\u0105 nr 1 o siedmiu i wi\u0119cej nauczycielach z najwy\u017csz\u0105 klas\u0105 VII, do kt\u00f3rej obwodu w\u0142\u0105cza si\u0119 miasto B\u0142a\u017cowa w ca\u0142o\u015bci.\u201d<\/em><\/p>\n\n\n\n<p>Do budowy budynku szko\u0142y przystapiono w maju 1964 roku. Pierwszym przewodnicz\u0105cym komitetu budowy szko\u0142y by\u0142 Wiktor B\u0142a\u017cewski, kierownikiem budowy Antoni Bator, a ksi\u0119gowym Piotr B\u0105k. Zgodnie z zapisem widniej\u0105cym na tablicy pami\u0105tkowej uroczysto\u015b\u0107 oddania szko\u0142y do u\u017cytku odby\u0142a sie 29 wrzesznia 1968 roku.<\/p>\n\n\n\n<p><strong>Dyrektorzy Szko\u0142y Podstawowej w B\u0142a\u017cowej w ostatnim XXX leciu<\/strong><\/p>\n\n\n\n<figure class=\"wp-block-table\"><table class=\"has-fixed-layout\"><thead><tr><td>Lp.<\/td><td>Imi\u0119 i nazwisko<\/td><td>Okres pe\u0142nienia funkcji<\/td><td>Stanowisko<\/td><\/tr><\/thead><tbody><tr><td>1.<\/td><td>W\u0142adys\u0142aw Kozubek<\/td><td>(1957 \u2013 1973)<br>(1973 \u2013 1976)<\/td><td>kierownik szko\u0142y<br>z-ca Miejsko-Gminnego&nbsp; Dyrektora Szk\u00f3\u0142&nbsp; i dyrektor SP w B\u0142a\u017cowej<\/td><\/tr><tr><td>2.<\/td><td>Jan Mi\u0105sik<\/td><td>(1973 \u2013 1978)<\/td><td>Miejsko Gminny Dyrektor Szk\u00f3\u0142<\/td><\/tr><tr><td>3.<\/td><td>Stefania Dy\u0142o<\/td><td>(1976 \u2013 1978)<\/td><td>z-ca Miejsko-Gminnego&nbsp; Dyrektora Szk\u00f3\u0142 ds. wychowania<\/td><\/tr><tr><td>4.<\/td><td>Anna S\u0142upek<\/td><td>(1976 \u2013 1981)<\/td><td>z-ca Miejsko-Gminnego&nbsp; Dyrektora Szk\u00f3\u0142 ds. SP B\u0142a\u017cowa<\/td><\/tr><tr><td>5.<\/td><td>Tadeusz Wo\u017aniak<\/td><td>(1978 \u2013 1981)<\/td><td>z-ca Miejsko-Gminnego&nbsp; Dyrektora Szk\u00f3\u0142 ds. SP B\u0142a\u017cowa<\/td><\/tr><tr><td>6.<\/td><td>El\u017cbieta K\u0119pa<\/td><td>(1981 \u2013 1982)<\/td><td>z-ca Miejsko-Gminnego&nbsp; Dyrektora Szk\u00f3\u0142 ds. SP B\u0142a\u017cowa<\/td><\/tr><tr><td>7.<\/td><td>Micha\u0142 Rabczak<\/td><td>(1981 \u2013 1984)<br>(1984 \u2013 1987)<\/td><td>z-ca Miejsko-Gminnego&nbsp; Dyrektora Szk\u00f3\u0142 ds. wychowania<br>z-ca dyrektora szko\u0142y<\/td><\/tr><tr><td>8.<\/td><td>Antonina Rewer<\/td><td>(1982 \u2013 1984)<br>(1986 \u2013 1987)<br>(1987 \u2013 1998)<\/td><td>z-ca Miejsko-Gminnego&nbsp; Dyrektora Szk\u00f3\u0142 ds. SP B\u0142a\u017cowa<br>dyrektor szko\u0142y<br>v-ce dyrektor szko\u0142y<\/td><\/tr><tr><td>9.<\/td><td>Ryszard Olejnik<\/td><td>(1987 \u2013 1997)<\/td><td>dyrektor szko\u0142y<\/td><\/tr><tr><td>10.<\/td><td>Stanis\u0142aw Najda<\/td><td>(1975 \u2013 1976)<br>(1978 \u2013 1979)<br>(1981 \u2013 1984)<br>(1984 \u2013 1986)<br>(1997 \u2013 2003)<\/td><td>z-ca Miejsko-Gminnego&nbsp; Dyrektora Szk\u00f3\u0142 ds. SP B\u0142a\u017cowa<br>z-ca Miejsko-Gminnego&nbsp; Dyrektora Szk\u00f3\u0142 ds. wychowania<br>Miejsko Gminny Dyrektor Szk\u00f3\u0142<br>dyrektor szko\u0142y<br>dyrektor szko\u0142y<\/td><\/tr><tr><td>11.<\/td><td>Maria Kruczek<\/td><td>(1998 \u2013 1999)<\/td><td>v \u2013 ce dyrektor szko\u0142y<\/td><\/tr><tr><td>12.<\/td><td>Danuta Bator<\/td><td>(1999 \u2013 2004)<\/td><td>v \u2013 ce dyrektor szko\u0142y<\/td><\/tr><tr><td>13.<\/td><td>Beata Wi\u0119c\u0142awska-P\u0119kala<\/td><td>(2003 \u2013 2008)<\/td><td>dyrektor szko\u0142y<\/td><\/tr><tr><td>14.<\/td><td>Marta Pi\u0119ta<\/td><td>(2003 \u2013 2008)<\/td><td>v \u2013 ce dyrektor szko\u0142y<\/td><\/tr><tr><td>15.<\/td><td>Ewa Kozubek<\/td><td>(2008 \u2013 2018)<\/td><td>dyrektor szko\u0142y<\/td><\/tr><tr><td>16.<\/td><td>Danuta Bator<\/td><td>od 2008<\/td><td>v \u2013 ce dyrektor szko\u0142<\/td><\/tr><tr><td>16<\/td><td>Maria Kruczek<\/td><td>od 2018<\/td><td>dyrektor szko\u0142y<\/td><\/tr><\/tbody><\/table><\/figure>\n","protected":false},"excerpt":{"rendered":"<p>Pierwszym dokumentem obrazuj\u0105cym zamierzenia budowy nowego budynku Szko\u0142y Podstawowej w B\u0142a\u017cowej jest akt notarialny spisany 28 lutego 1958 roku. Kuratorium Okr\u0119gu Szkolnego w Rzeszowie w dniu 26 maja 1962 r&#8230;. <\/p>\n","protected":false},"author":1,"featured_media":0,"parent":0,"menu_order":0,"comment_status":"closed","ping_status":"closed","template":"","meta":{"footnotes":""},"class_list":["post-78","page","type-page","status-publish","hentry"],"_links":{"self":[{"href":"https:\/\/sp.blazowa.net\/index.php?rest_route=\/wp\/v2\/pages\/78","targetHints":{"allow":["GET"]}}],"collection":[{"href":"https:\/\/sp.blazowa.net\/index.php?rest_route=\/wp\/v2\/pages"}],"about":[{"href":"https:\/\/sp.blazowa.net\/index.php?rest_route=\/wp\/v2\/types\/page"}],"author":[{"embeddable":true,"href":"https:\/\/sp.blazowa.net\/index.php?rest_route=\/wp\/v2\/users\/1"}],"replies":[{"embeddable":true,"href":"https:\/\/sp.blazowa.net\/index.php?rest_route=%2Fwp%2Fv2%2Fcomments&post=78"}],"version-history":[{"count":1,"href":"https:\/\/sp.blazowa.net\/index.php?rest_route=\/wp\/v2\/pages\/78\/revisions"}],"predecessor-version":[{"id":79,"href":"https:\/\/sp.blazowa.net\/index.php?rest_route=\/wp\/v2\/pages\/78\/revisions\/79"}],"wp:attachment":[{"href":"https:\/\/sp.blazowa.net\/index.php?rest_route=%2Fwp%2Fv2%2Fmedia&parent=78"}],"curies":[{"name":"wp","href":"https:\/\/api.w.org\/{rel}","templated":true}]}}