{"id":950,"date":"2026-02-09T17:27:47","date_gmt":"2026-02-09T16:27:47","guid":{"rendered":"https:\/\/sp.blazowa.net\/?page_id=950"},"modified":"2026-02-13T09:22:03","modified_gmt":"2026-02-13T08:22:03","slug":"orientuj-sie","status":"publish","type":"page","link":"https:\/\/sp.blazowa.net\/?page_id=950","title":{"rendered":"Orientuj si\u0119!"},"content":{"rendered":"\n<p>Nasza szko\u0142a bierze udzia\u0142 w <strong>projekcie \u201eOrientuj si\u0119!\u201d<\/strong><\/p>\n\n\n\n<p>Jest on wsp\u00f3\u0142finansowany ze \u015brodk\u00f3w Europejskiego Funduszu Spo\u0142ecznego Plus (EFS+) na lata 2021\u20132027. G\u0142\u00f3wnym celem przedsi\u0119wzi\u0119cia jest poprawa jako\u015bci doradztwa zawodowego w szko\u0142ach podstawowych i liceach z terenu wojew\u00f3dztwa podkarpackiego.<\/p>\n\n\n\n<p>Na&nbsp;realizacj\u0119 projektu zosta\u0142o przeznaczonych 36 milion\u00f3w z\u0142otych z&nbsp;funduszy unijnych. Projekt realizowany jest przez&nbsp;Wojew\u00f3dzki Urz\u0105d Pracy w&nbsp;Rzeszowie<br><strong>w okresie od 01.09.2023 r. do 29.06.2029 r.<\/strong><\/p>\n\n\n\n<p><strong>Najwa\u017cniejsze informacje o programie \u201eOrientuj si\u0119!\u201d:<\/strong><\/p>\n\n\n\n<p><strong>Cel:<\/strong>&nbsp;Podniesienie jako\u015bci doradztwa zawodowego, u\u0142atwienie wyboru \u015bcie\u017cki edukacyjnej i zawodowej oraz powi\u0105zanie kszta\u0142cenia z potrzebami rynku pracy<\/p>\n\n\n\n<p><strong>Wsparcie dla szk\u00f3\u0142:<\/strong>&nbsp;Wyposa\u017cenie Szkolnych O\u015brodk\u00f3w Kariery (meble, sprz\u0119t IT, gogle VR do wirtualnych wizyt w zak\u0142adach pracy)<\/p>\n\n\n\n<p>O\u015brodek Kariery b\u0119dzie dzia\u0142a\u0142 w naszej szkole ju\u017c od marca 2026 r. Zosta\u0142 w pe\u0142ni wyposa\u017cony ze \u015brodk\u00f3w funduszu.<\/p>\n\n\n\n<p><strong>Wsparcie dla nauczycieli\/kadry:<\/strong>&nbsp;Studia podyplomowe z doradztwa zawodowego, 200-godzinne szkolenia dla doradc\u00f3w, szkolenia dla kadry zarz\u0105dzaj\u0105cej.<\/p>\n\n\n\n<p><strong>Wsparcie dla uczni\u00f3w:<\/strong> Organizacja warsztat\u00f3w promuj\u0105cych ide\u0119 samozatrudnienia, cyklicznych \u201espotka\u0144 z zawodem&#8221;, spotka\u0144 z&nbsp; pracodawcami, organizacja wizyt studyjnych u pracodawc\u00f3w, indywidualnych wizyt pracodawc\u00f3w w szko\u0142ach oraz spotka\u0144 z doradcami zawodowymi Wojew\u00f3dzkiego Urz\u0119du Pracy w Rzeszowie w ramach praktycznego do\u015bwiadczenia z nowoczesn\u0105 technologi\u0105 \u201e Wyb\u00f3r zawodu\u201d z wykorzystaniem technologii informatycznej, tworz\u0105cej wirtualn\u0105 rzeczywisto\u015b\u0107, tzw. VR.<\/p>\n\n\n\n<p>Nasi uczniowie ju\u017c wzi\u0119li udzia\u0142 w warsztatach z okularami VR.&nbsp;<\/p>\n\n\n\n<p><strong>Zasi\u0119g:<\/strong>&nbsp;Projekt obejmuje 316 szk\u00f3\u0142, 3600 nauczycieli oraz 9000 uczni\u00f3w z wojew\u00f3dztwa podkarpackiego.<\/p>\n\n\n\n<p>Program ma doprowadzi\u0107 do profesjonalizacji doradztwa zawodowego dla uczni\u00f3w podkarpackich szk\u00f3\u0142, stanowi r\u00f3wnie\u017c wa\u017cny element d\u0142ugofalowego rozwoju regionalnego rynku pracy. Projekt pomo\u017ce r\u00f3wnie\u017c m\u0142odym mieszka\u0144com Podkarpacia zdobywa\u0107 stabilne i rozwojowe zatrudnienie, dopasowane do ich naturalnych predyspozycji.<\/p>\n\n\n\n<p>Wydarzenia zwi\u0105zane z projektem:<\/p>\n\n\n\n<p><a href=\"https:\/\/www.facebook.com\/SzkolaPodstawowaBlazowa\/posts\/pfbid0xJtZ4GBdbmij379bVEwMwHVEMNzg2rm3DRkconpK3FDzRDaogfJa2tN7yWphYUdRl\" data-type=\"link\" data-id=\"https:\/\/www.facebook.com\/SzkolaPodstawowaBlazowa\/posts\/pfbid0xJtZ4GBdbmij379bVEwMwHVEMNzg2rm3DRkconpK3FDzRDaogfJa2tN7yWphYUdRl\">Go\u015b\u0107 z Londynu<\/a><br><a href=\"https:\/\/www.facebook.com\/SzkolaPodstawowaBlazowa\/posts\/pfbid0LCg6expypwVdFuhLWvaRvaoPSgvvSKKiRgwLa1a8tABJeuMCRZGirQ9EYuLSrjtxl\" data-type=\"link\" data-id=\"https:\/\/www.facebook.com\/SzkolaPodstawowaBlazowa\/posts\/pfbid0LCg6expypwVdFuhLWvaRvaoPSgvvSKKiRgwLa1a8tABJeuMCRZGirQ9EYuLSrjtxl\">Czytanie na dywanie<\/a><br><a href=\"https:\/\/www.facebook.com\/SzkolaPodstawowaBlazowa\/posts\/pfbid02SPeWTuk1wwnyG3FKNbz2LuxXx3bBaFC4L5wDoGC5EJ1XU9meT9QwyNbTvnSUwnGDl\" data-type=\"link\" data-id=\"https:\/\/www.facebook.com\/SzkolaPodstawowaBlazowa\/posts\/pfbid02SPeWTuk1wwnyG3FKNbz2LuxXx3bBaFC4L5wDoGC5EJ1XU9meT9QwyNbTvnSUwnGDl\">Szko\u0142a pilota\u017cu w Jasionce<\/a><\/p>\n\n\n\n<p><\/p>\n","protected":false},"excerpt":{"rendered":"<p>Nasza szko\u0142a bierze udzia\u0142 w projekcie \u201eOrientuj si\u0119!\u201d Jest on wsp\u00f3\u0142finansowany ze \u015brodk\u00f3w Europejskiego Funduszu Spo\u0142ecznego Plus (EFS+) na lata 2021\u20132027. G\u0142\u00f3wnym celem przedsi\u0119wzi\u0119cia jest poprawa jako\u015bci doradztwa zawodowego w&#8230; <\/p>\n","protected":false},"author":1,"featured_media":0,"parent":0,"menu_order":0,"comment_status":"closed","ping_status":"closed","template":"","meta":{"footnotes":""},"class_list":["post-950","page","type-page","status-publish","hentry"],"_links":{"self":[{"href":"https:\/\/sp.blazowa.net\/index.php?rest_route=\/wp\/v2\/pages\/950","targetHints":{"allow":["GET"]}}],"collection":[{"href":"https:\/\/sp.blazowa.net\/index.php?rest_route=\/wp\/v2\/pages"}],"about":[{"href":"https:\/\/sp.blazowa.net\/index.php?rest_route=\/wp\/v2\/types\/page"}],"author":[{"embeddable":true,"href":"https:\/\/sp.blazowa.net\/index.php?rest_route=\/wp\/v2\/users\/1"}],"replies":[{"embeddable":true,"href":"https:\/\/sp.blazowa.net\/index.php?rest_route=%2Fwp%2Fv2%2Fcomments&post=950"}],"version-history":[{"count":4,"href":"https:\/\/sp.blazowa.net\/index.php?rest_route=\/wp\/v2\/pages\/950\/revisions"}],"predecessor-version":[{"id":1004,"href":"https:\/\/sp.blazowa.net\/index.php?rest_route=\/wp\/v2\/pages\/950\/revisions\/1004"}],"wp:attachment":[{"href":"https:\/\/sp.blazowa.net\/index.php?rest_route=%2Fwp%2Fv2%2Fmedia&parent=950"}],"curies":[{"name":"wp","href":"https:\/\/api.w.org\/{rel}","templated":true}]}}