{"id":98,"date":"2025-03-19T16:53:36","date_gmt":"2025-03-19T15:53:36","guid":{"rendered":"https:\/\/sp.blazowa.net\/?page_id=98"},"modified":"2026-03-23T10:17:34","modified_gmt":"2026-03-23T09:17:34","slug":"dziennik-elektroniczny","status":"publish","type":"page","link":"https:\/\/sp.blazowa.net\/?page_id=98","title":{"rendered":"Zapisy do przedszkola"},"content":{"rendered":"\n<p><strong>OG\u0141OSZENIE O NABORZE DO ODDZIA\u0141U PRZEDSZKOLNEGO NA ROK SZKOLNY 2026\/2027<\/strong><\/p>\n\n\n\n<p>Nab\u00f3r do oddzia\u0142u przedszkolnego \u201eBajkowa Kraina\u201d dla dzieci nowych na rok szkolny 2026\/27 odbywa si\u0119 <strong>od dnia 02.03.2026 r. do dnia 13.03.2026 r.<\/strong> zgodnie z&nbsp;Zarz\u0105dzeniem nr 5\/2026 Burmistrza B\u0142a\u017cowej z dnia 16.01.2026 r.<\/p>\n\n\n\n<p>Wype\u0142niony,&nbsp;wydrukowany i podpisany przez obojga Rodzic\u00f3w formularz zg\u0142oszeniowy wraz z dokumentami potwierdzaj\u0105cymi dane&nbsp;zamieszczone we wniosku nale\u017cy z\u0142o\u017cy\u0107 do dyrektora Zespo\u0142u Szk\u00f3\u0142 w B\u0142a\u017cowej &nbsp;w&nbsp;nieprzekraczalnym terminie&nbsp;do dnia&nbsp;13.03.2026&nbsp;r.&nbsp;do&nbsp;godz.15.00.<\/p>\n\n\n\n<p>Dokumenty s\u0105 do pobrania w sekretariacie szko\u0142y oraz na stronie Publicznej Szko\u0142y Podstawowej im. Kr\u00f3la W\u0142adys\u0142awa Jagie\u0142\u0142y i Anny Jenke w B\u0142a\u017cowej.<\/p>\n\n\n\n<p><a href=\"https:\/\/sp.blazowa.net\/wp-content\/uploads\/2026\/03\/Potwierdzenie-woli-uczeszczania-dziecka-do-OP.pdf\" data-type=\"link\" data-id=\"https:\/\/sp.blazowa.net\/wp-content\/uploads\/2026\/03\/Potwierdzenie-woli-uczeszczania-dziecka-do-OP.pdf\">Potwierdzenie woli ucz\u0119szczania do OP (pdf):<\/a><\/p>\n\n\n\n<p><a href=\"https:\/\/sp.blazowa.net\/wp-content\/uploads\/2026\/02\/zarzadzenie-burmistrza_harmonogram.pdf\" data-type=\"attachment\" data-id=\"963\">Zarz\u0105dzenie Burmistrza:<\/a><\/p>\n\n\n\n<p><a href=\"https:\/\/sp.blazowa.net\/wp-content\/uploads\/2026\/02\/Wniosek-o-przyjecie-dziecka-do-przedszkola.docx\" data-type=\"link\" data-id=\"https:\/\/l.facebook.com\/l.php?u=https%3A%2F%2Fdrive.google.com%2Ffile%2Fd%2F11pQhUipW32S00RhMYApEX-aMq9tcBWvF%2Fview%3Fusp%3Dsharing%26fbclid%3DIwZXh0bgNhZW0CMTAAAR09i2hj3T2BHLM1Rq_sk_hVotUrmDS51xNcWlN7br_suy9ss2P6BLD11Po_aem_-IFFkkEjzyUZM_z5EMOtQw&amp;h=AT3sQHc6T_F-qXtDQb4eIw-UybcLkwA-99-8RzrYNqp2R0rjvv82fL5vHs44pK26SsOyJIiesfjxVYIgmXacRgTQlW7LW0lYUolu8XGbA5WqUVHRmgebfAbxJmqs70mTI9kPfarJ7mSajGCvvv5edZaLiFZaHvNc&amp;__tn__=-UK-R&amp;c[0]=AT19LLTIGIVFQ77tm7IfNBgP0XQ086QzCA-AoWdgSss2JH-TWe2fBdy6xASkfQn_39pcGDj4Onb-GnFjMd6_ISq0yxA2O5kKC2fI7u9nBErifMWH_pXHZW9Rs3Z8hspxZ-wzoOPM9qHOlUpcXrq3nTJES_l0_y8dJdya3XPbepIyXmxjStF-3KhzQ2oR64lLqg\">Wniosek o przyj\u0119cie dziecka do przedszkola<\/a><\/p>\n\n\n\n<p><a href=\"https:\/\/sp.blazowa.net\/wp-content\/uploads\/2026\/02\/4_Oswiadczenie-o-wielodzietnosci-rodziny-kandydata-do-przedszkola-oswiadczenie-1-.pdf\" data-type=\"link\" data-id=\"https:\/\/sp.blazowa.net\/wp-content\/uploads\/2026\/02\/4_Oswiadczenie-o-wielodzietnosci-rodziny-kandydata-do-przedszkola-oswiadczenie-1-.pdf\">O\u015bwiadczenie o wielodzietno\u015bci rodziny kandydata do przedszkola<\/a><\/p>\n\n\n\n<p><a href=\"https:\/\/sp.blazowa.net\/wp-content\/uploads\/2026\/02\/3_Oswiadczenie-o-samotnym-wychowywaniu-dziecka-oraz-niewychowywaniu-zadnego-dziecka-wspolnie-z-jego-rodzicem-oswiadczenie-5.pdf\" data-type=\"link\" data-id=\"https:\/\/sp.blazowa.net\/wp-content\/uploads\/2026\/02\/3_Oswiadczenie-o-samotnym-wychowywaniu-dziecka-oraz-niewychowywaniu-zadnego-dziecka-wspolnie-z-jego-rodzicem-oswiadczenie-5.pdf\">O\u015bwiadczenie o samotnym wychowywaniu dziecka oraz niewychowywaniu \u017cadnego dziecka wsp\u00f3lnie z jego rodzicem<\/a><\/p>\n\n\n\n<p><a href=\"https:\/\/sp.blazowa.net\/wp-content\/uploads\/2026\/02\/2_Oswiadczenie-o-objeciu-rodziny-nadzorem-kuratorskim-oswiadczenie-3.pdf\" data-type=\"link\" data-id=\"https:\/\/sp.blazowa.net\/wp-content\/uploads\/2026\/02\/2_Oswiadczenie-o-objeciu-rodziny-nadzorem-kuratorskim-oswiadczenie-3.pdf\">O\u015bwiadczenie o obj\u0119ciu rodziny nadzorem kuratorskim<\/a><\/p>\n\n\n\n<p><a href=\"https:\/\/sp.blazowa.net\/wp-content\/uploads\/2026\/02\/1_Oswiadczenie-o-korzystaniu-z-pomocy-osrodka-pomocy-spolecznej-oswiadczenie-2-1.pdf\" data-type=\"link\" data-id=\"https:\/\/sp.blazowa.net\/wp-content\/uploads\/2026\/02\/1_Oswiadczenie-o-korzystaniu-z-pomocy-osrodka-pomocy-spolecznej-oswiadczenie-2-1.pdf\">O\u015bwiadczenie o korzystaniu z pomocy o\u015brodka pomocy spo\u0142ecznej<\/a><\/p>\n\n\n\n<p class=\"has-text-align-center\"><strong>R E K R U T A C J A&nbsp;2026\/2027<\/strong> &#8211; terminy<\/p>\n\n\n\n<figure class=\"wp-block-table\"><table class=\"has-fixed-layout\"><tbody><tr><td><strong>Lp.<\/strong><\/td><td><strong>Rodzaj czynno\u015bci<\/strong><\/td><td><strong>Oddzia\u0142 przedszkolny<\/strong><\/td><td><strong>Szko\u0142a podstawowa<\/strong><\/td><\/tr><tr><td><strong>1.<\/strong><\/td><td>Deklaracje o kontynuowaniu wychowania przedszkolnego<\/td><td><strong>09-13.02.2026 r.<\/strong><\/td><td>&#8212;&#8212;&#8212;&#8212;&#8212;&#8212;&#8212;&#8212;&#8212;&#8212;<\/td><\/tr><tr><td><strong>2.<\/strong><\/td><td>Z\u0142o\u017cenie wniosku o przyj\u0119cie<\/td><td><strong>02 &#8211; 13.03.2026 r.<\/strong><\/td><td><strong>02 &#8211; 13.03.2026 r.<\/strong><\/td><\/tr><tr><td><strong>3.<\/strong><\/td><td>Weryfikacja przez komisje<\/td><td><strong>16-19.03.2026 r.<\/strong><\/td><td><strong>16-19.03.2026 r.<\/strong><\/td><\/tr><tr><td><strong>4.<\/strong><\/td><td>Podanie listy zakwalifikowanych kandydat\u00f3w<\/td><td><strong>20.03.2026 r.<\/strong><\/td><td><strong>20.03.2026 r.<\/strong><\/td><\/tr><tr><td><strong>5.<\/strong><\/td><td>Potwierdzenie przez rodzica&nbsp; kandydata woli przyj\u0119cia w postaci pisemnego o\u015bwiadczenia<\/td><td><strong>23-30.03.2025 r.<\/strong><\/td><td>&#8212;&#8212;&#8212;&#8212;&#8212;&#8212;&#8212;&#8212;&#8212;&#8212;<\/td><\/tr><tr><td><strong>6.<\/strong><\/td><td>Podanie listy kandydat\u00f3w przyj\u0119tych i nieprzyj\u0119tych<\/td><td><strong>31.03.2026 r.<\/strong><\/td><td><strong>31.03.2026 r.<\/strong><\/td><\/tr><\/tbody><\/table><\/figure>\n","protected":false},"excerpt":{"rendered":"<p>OG\u0141OSZENIE O NABORZE DO ODDZIA\u0141U PRZEDSZKOLNEGO NA ROK SZKOLNY 2026\/2027 Nab\u00f3r do oddzia\u0142u przedszkolnego \u201eBajkowa Kraina\u201d dla dzieci nowych na rok szkolny 2026\/27 odbywa si\u0119 od dnia 02.03.2026 r. do&#8230; <\/p>\n","protected":false},"author":1,"featured_media":154,"parent":0,"menu_order":0,"comment_status":"closed","ping_status":"closed","template":"","meta":{"footnotes":""},"class_list":["post-98","page","type-page","status-publish","has-post-thumbnail","hentry"],"_links":{"self":[{"href":"https:\/\/sp.blazowa.net\/index.php?rest_route=\/wp\/v2\/pages\/98","targetHints":{"allow":["GET"]}}],"collection":[{"href":"https:\/\/sp.blazowa.net\/index.php?rest_route=\/wp\/v2\/pages"}],"about":[{"href":"https:\/\/sp.blazowa.net\/index.php?rest_route=\/wp\/v2\/types\/page"}],"author":[{"embeddable":true,"href":"https:\/\/sp.blazowa.net\/index.php?rest_route=\/wp\/v2\/users\/1"}],"replies":[{"embeddable":true,"href":"https:\/\/sp.blazowa.net\/index.php?rest_route=%2Fwp%2Fv2%2Fcomments&post=98"}],"version-history":[{"count":11,"href":"https:\/\/sp.blazowa.net\/index.php?rest_route=\/wp\/v2\/pages\/98\/revisions"}],"predecessor-version":[{"id":1069,"href":"https:\/\/sp.blazowa.net\/index.php?rest_route=\/wp\/v2\/pages\/98\/revisions\/1069"}],"wp:featuredmedia":[{"embeddable":true,"href":"https:\/\/sp.blazowa.net\/index.php?rest_route=\/wp\/v2\/media\/154"}],"wp:attachment":[{"href":"https:\/\/sp.blazowa.net\/index.php?rest_route=%2Fwp%2Fv2%2Fmedia&parent=98"}],"curies":[{"name":"wp","href":"https:\/\/api.w.org\/{rel}","templated":true}]}}